{"id":10793,"date":"2022-02-03T01:55:18","date_gmt":"2022-02-03T01:55:18","guid":{"rendered":"https:\/\/tiendapl.com.ec\/?page_id=10793"},"modified":"2022-02-03T15:51:42","modified_gmt":"2022-02-03T15:51:42","slug":"terminos-y-condiciones","status":"publish","type":"page","link":"https:\/\/tiendapl.com.ec\/index.php\/terminos-y-condiciones\/","title":{"rendered":"T\u00e9rminos y condiciones"},"content":{"rendered":"\t\t<div data-elementor-type=\"wp-page\" data-elementor-id=\"10793\" class=\"elementor elementor-10793\">\n\t\t\t\t\t\t\t\t\t<section class=\"elementor-section elementor-top-section elementor-element elementor-element-d56c2a6 elementor-section-stretched elementor-section-boxed elementor-section-height-default elementor-section-height-default wd-section-disabled\" data-id=\"d56c2a6\" data-element_type=\"section\" data-settings=\"{&quot;stretch_section&quot;:&quot;section-stretched&quot;}\">\n\t\t\t\t\t\t<div class=\"elementor-container elementor-column-gap-default\">\n\t\t\t\t\t<div class=\"elementor-column elementor-col-100 elementor-top-column elementor-element elementor-element-3764859\" data-id=\"3764859\" data-element_type=\"column\">\n\t\t\t<div class=\"elementor-widget-wrap elementor-element-populated\">\n\t\t\t\t\t\t\t\t<div class=\"elementor-element elementor-element-b760aed elementor-widget elementor-widget-heading\" data-id=\"b760aed\" data-element_type=\"widget\" data-widget_type=\"heading.default\">\n\t\t\t\t<div class=\"elementor-widget-container\">\n\t\t\t<style>\/*! elementor - v3.7.0 - 08-08-2022 *\/\n.elementor-heading-title{padding:0;margin:0;line-height:1}.elementor-widget-heading .elementor-heading-title[class*=elementor-size-]>a{color:inherit;font-size:inherit;line-height:inherit}.elementor-widget-heading .elementor-heading-title.elementor-size-small{font-size:15px}.elementor-widget-heading .elementor-heading-title.elementor-size-medium{font-size:19px}.elementor-widget-heading .elementor-heading-title.elementor-size-large{font-size:29px}.elementor-widget-heading .elementor-heading-title.elementor-size-xl{font-size:39px}.elementor-widget-heading .elementor-heading-title.elementor-size-xxl{font-size:59px}<\/style><h2 class=\"elementor-heading-title elementor-size-default\">T\u00e9rminos y condiciones<\/h2>\t\t<\/div>\n\t\t\t\t<\/div>\n\t\t\t\t<div class=\"elementor-element elementor-element-d5dc5f3 color-scheme-inherit text-left elementor-widget elementor-widget-text-editor\" data-id=\"d5dc5f3\" data-element_type=\"widget\" data-widget_type=\"text-editor.default\">\n\t\t\t\t<div class=\"elementor-widget-container\">\n\t\t\t<style>\/*! elementor - v3.7.0 - 08-08-2022 *\/\n.elementor-widget-text-editor.elementor-drop-cap-view-stacked .elementor-drop-cap{background-color:#818a91;color:#fff}.elementor-widget-text-editor.elementor-drop-cap-view-framed .elementor-drop-cap{color:#818a91;border:3px solid;background-color:transparent}.elementor-widget-text-editor:not(.elementor-drop-cap-view-default) .elementor-drop-cap{margin-top:8px}.elementor-widget-text-editor:not(.elementor-drop-cap-view-default) .elementor-drop-cap-letter{width:1em;height:1em}.elementor-widget-text-editor .elementor-drop-cap{float:left;text-align:center;line-height:1;font-size:50px}.elementor-widget-text-editor .elementor-drop-cap-letter{display:inline-block}<\/style>\t\t\t\t<p>Por medio del presente sitio web <a href=\"https:\/\/tiendapl.com.ec\/\">tiendapl.com.ec<\/a>, de ahora en adelante \u201cLA EMPRESA\u201d ofrece un servicio al usuario, bajo la condici\u00f3n que \u201cEl Usuario\u201d, acepte sin restricci\u00f3n los t\u00e9rminos y condiciones aqu\u00ed establecidos, de manera tal que al hacer uso de este sitio web, el usuario est\u00e1 aceptando de manera expresa todos y cada uno de los t\u00e9rminos y aqu\u00ed establecidos.<\/p><p>LA EMPRESA se reserva el derecho de modificar el presente acuerdo, as\u00ed como de realizar cambios a cualquier producto o servicio descritos en el presente sitio web, en cualquier momento, sin que para el efecto deba realizar ning\u00fan tipo de notificaci\u00f3n previa y\/o asumir alguna responsabilidad por tal modificaci\u00f3n o cambio.<\/p><p>Los t\u00edtulos incluidos en el presente han sido \u00fanicamente para facilitar su lectura y comprensi\u00f3n, m\u00e1s en ning\u00fan momento servir\u00e1n como fuente de interpretaci\u00f3n del mismo.<\/p>\t\t\t\t\t\t<\/div>\n\t\t\t\t<\/div>\n\t\t\t\t\t<\/div>\n\t\t<\/div>\n\t\t\t\t\t\t\t<\/div>\n\t\t<\/section>\n\t\t\t\t\t\t\t<\/div>\n\t\t","protected":false},"excerpt":{"rendered":"<p>T\u00e9rminos y condiciones Por medio del presente sitio web tiendapl.com.ec, de ahora en adelante \u201cLA EMPRESA\u201d ofrece un servicio al<\/p>\n","protected":false},"author":1,"featured_media":0,"parent":0,"menu_order":0,"comment_status":"closed","ping_status":"closed","template":"","meta":[],"_links":{"self":[{"href":"https:\/\/tiendapl.com.ec\/index.php\/wp-json\/wp\/v2\/pages\/10793"}],"collection":[{"href":"https:\/\/tiendapl.com.ec\/index.php\/wp-json\/wp\/v2\/pages"}],"about":[{"href":"https:\/\/tiendapl.com.ec\/index.php\/wp-json\/wp\/v2\/types\/page"}],"author":[{"embeddable":true,"href":"https:\/\/tiendapl.com.ec\/index.php\/wp-json\/wp\/v2\/users\/1"}],"replies":[{"embeddable":true,"href":"https:\/\/tiendapl.com.ec\/index.php\/wp-json\/wp\/v2\/comments?post=10793"}],"version-history":[{"count":19,"href":"https:\/\/tiendapl.com.ec\/index.php\/wp-json\/wp\/v2\/pages\/10793\/revisions"}],"predecessor-version":[{"id":10931,"href":"https:\/\/tiendapl.com.ec\/index.php\/wp-json\/wp\/v2\/pages\/10793\/revisions\/10931"}],"wp:attachment":[{"href":"https:\/\/tiendapl.com.ec\/index.php\/wp-json\/wp\/v2\/media?parent=10793"}],"curies":[{"name":"wp","href":"https:\/\/api.w.org\/{rel}","templated":true}]}}