{"id":11100,"date":"2022-02-09T19:56:22","date_gmt":"2022-02-09T19:56:22","guid":{"rendered":"https:\/\/tiendapl.com.ec\/?post_type=product&#038;p=11100"},"modified":"2024-07-12T16:30:58","modified_gmt":"2024-07-12T16:30:58","slug":"cable-extension","status":"publish","type":"product","link":"https:\/\/tiendapl.com.ec\/index.php\/product\/cable-extension\/","title":{"rendered":"Cable de Alimentaci\u00f3n RCA 6FT AH1UR"},"content":{"rendered":"","protected":false},"excerpt":{"rendered":"<p>Cable de alimentaci\u00f3n o extensi\u00f3n. 6FT &#8211;\u00a01.8 metros<\/p>\n","protected":false},"featured_media":11101,"template":"","meta":[],"product_cat":[69,77],"product_tag":[433,431,96],"_links":{"self":[{"href":"https:\/\/tiendapl.com.ec\/index.php\/wp-json\/wp\/v2\/product\/11100"}],"collection":[{"href":"https:\/\/tiendapl.com.ec\/index.php\/wp-json\/wp\/v2\/product"}],"about":[{"href":"https:\/\/tiendapl.com.ec\/index.php\/wp-json\/wp\/v2\/types\/product"}],"version-history":[{"count":8,"href":"https:\/\/tiendapl.com.ec\/index.php\/wp-json\/wp\/v2\/product\/11100\/revisions"}],"predecessor-version":[{"id":15499,"href":"https:\/\/tiendapl.com.ec\/index.php\/wp-json\/wp\/v2\/product\/11100\/revisions\/15499"}],"wp:featuredmedia":[{"embeddable":true,"href":"https:\/\/tiendapl.com.ec\/index.php\/wp-json\/wp\/v2\/media\/11101"}],"wp:attachment":[{"href":"https:\/\/tiendapl.com.ec\/index.php\/wp-json\/wp\/v2\/media?parent=11100"}],"wp:term":[{"taxonomy":"product_cat","embeddable":true,"href":"https:\/\/tiendapl.com.ec\/index.php\/wp-json\/wp\/v2\/product_cat?post=11100"},{"taxonomy":"product_tag","embeddable":true,"href":"https:\/\/tiendapl.com.ec\/index.php\/wp-json\/wp\/v2\/product_tag?post=11100"}],"curies":[{"name":"wp","href":"https:\/\/api.w.org\/{rel}","templated":true}]}}