{"id":12230,"date":"2022-09-30T23:03:46","date_gmt":"2022-09-30T23:03:46","guid":{"rendered":"https:\/\/tiendapl.com.ec\/?post_type=product&#038;p=12230"},"modified":"2023-10-21T18:48:16","modified_gmt":"2023-10-21T18:48:16","slug":"luz-eolica-para-carro","status":"publish","type":"product","link":"https:\/\/tiendapl.com.ec\/index.php\/product\/luz-eolica-para-carro\/","title":{"rendered":"Luz e\u00f3lica para Carro"},"content":{"rendered":"","protected":false},"excerpt":{"rendered":"<p class=\"product-title-text\" data-spm-anchor-id=\"a2g0o.detail.1000016.i3.693b2548bf6IRe\">Luz de circulaci\u00f3n diurna para coche, l\u00e1mpara antiniebla de energ\u00eda e\u00f3lica.<\/p>\n","protected":false},"featured_media":12231,"template":"","meta":[],"product_cat":[98],"product_tag":[],"_links":{"self":[{"href":"https:\/\/tiendapl.com.ec\/index.php\/wp-json\/wp\/v2\/product\/12230"}],"collection":[{"href":"https:\/\/tiendapl.com.ec\/index.php\/wp-json\/wp\/v2\/product"}],"about":[{"href":"https:\/\/tiendapl.com.ec\/index.php\/wp-json\/wp\/v2\/types\/product"}],"version-history":[{"count":1,"href":"https:\/\/tiendapl.com.ec\/index.php\/wp-json\/wp\/v2\/product\/12230\/revisions"}],"predecessor-version":[{"id":12232,"href":"https:\/\/tiendapl.com.ec\/index.php\/wp-json\/wp\/v2\/product\/12230\/revisions\/12232"}],"wp:featuredmedia":[{"embeddable":true,"href":"https:\/\/tiendapl.com.ec\/index.php\/wp-json\/wp\/v2\/media\/12231"}],"wp:attachment":[{"href":"https:\/\/tiendapl.com.ec\/index.php\/wp-json\/wp\/v2\/media?parent=12230"}],"wp:term":[{"taxonomy":"product_cat","embeddable":true,"href":"https:\/\/tiendapl.com.ec\/index.php\/wp-json\/wp\/v2\/product_cat?post=12230"},{"taxonomy":"product_tag","embeddable":true,"href":"https:\/\/tiendapl.com.ec\/index.php\/wp-json\/wp\/v2\/product_tag?post=12230"}],"curies":[{"name":"wp","href":"https:\/\/api.w.org\/{rel}","templated":true}]}}