{"id":12467,"date":"2022-11-01T20:18:10","date_gmt":"2022-11-01T20:18:10","guid":{"rendered":"https:\/\/tiendapl.com.ec\/?post_type=product&#038;p=12467"},"modified":"2024-07-13T16:04:51","modified_gmt":"2024-07-13T16:04:51","slug":"music-mat","status":"publish","type":"product","link":"https:\/\/tiendapl.com.ec\/index.php\/product\/music-mat\/","title":{"rendered":"Music Mat"},"content":{"rendered":"","protected":false},"excerpt":{"rendered":"<p>Piano musical para ni\u00f1os, cuenta con 8 piezas de instrumentos musicales como: Piano, viol\u00edn, acorde\u00f3n, saxof\u00f3n, xil\u00f3fono, clarinete, guitarra y flauta, con teclas de piano.<\/p>\n","protected":false},"featured_media":12468,"template":"","meta":[],"product_cat":[67],"product_tag":[],"_links":{"self":[{"href":"https:\/\/tiendapl.com.ec\/index.php\/wp-json\/wp\/v2\/product\/12467"}],"collection":[{"href":"https:\/\/tiendapl.com.ec\/index.php\/wp-json\/wp\/v2\/product"}],"about":[{"href":"https:\/\/tiendapl.com.ec\/index.php\/wp-json\/wp\/v2\/types\/product"}],"version-history":[{"count":2,"href":"https:\/\/tiendapl.com.ec\/index.php\/wp-json\/wp\/v2\/product\/12467\/revisions"}],"predecessor-version":[{"id":12470,"href":"https:\/\/tiendapl.com.ec\/index.php\/wp-json\/wp\/v2\/product\/12467\/revisions\/12470"}],"wp:featuredmedia":[{"embeddable":true,"href":"https:\/\/tiendapl.com.ec\/index.php\/wp-json\/wp\/v2\/media\/12468"}],"wp:attachment":[{"href":"https:\/\/tiendapl.com.ec\/index.php\/wp-json\/wp\/v2\/media?parent=12467"}],"wp:term":[{"taxonomy":"product_cat","embeddable":true,"href":"https:\/\/tiendapl.com.ec\/index.php\/wp-json\/wp\/v2\/product_cat?post=12467"},{"taxonomy":"product_tag","embeddable":true,"href":"https:\/\/tiendapl.com.ec\/index.php\/wp-json\/wp\/v2\/product_tag?post=12467"}],"curies":[{"name":"wp","href":"https:\/\/api.w.org\/{rel}","templated":true}]}}