{"id":12523,"date":"2022-11-08T15:46:21","date_gmt":"2022-11-08T15:46:21","guid":{"rendered":"https:\/\/tiendapl.com.ec\/?post_type=product&#038;p=12523"},"modified":"2024-07-13T16:19:53","modified_gmt":"2024-07-13T16:19:53","slug":"set-de-cocina-pc-35973","status":"publish","type":"product","link":"https:\/\/tiendapl.com.ec\/index.php\/product\/set-de-cocina-pc-35973\/","title":{"rendered":"Set de Cocina PC-35973"},"content":{"rendered":"","protected":false},"excerpt":{"rendered":"<p data-spm-anchor-id=\"a2700.wholesale.0.i14.50ea16beWzLKFa\">Juego de simulaci\u00f3n para ni\u00f1os, carrito de juguete de comida r\u00e1pida.<\/p>\n","protected":false},"featured_media":12524,"template":"","meta":[],"product_cat":[67],"product_tag":[],"_links":{"self":[{"href":"https:\/\/tiendapl.com.ec\/index.php\/wp-json\/wp\/v2\/product\/12523"}],"collection":[{"href":"https:\/\/tiendapl.com.ec\/index.php\/wp-json\/wp\/v2\/product"}],"about":[{"href":"https:\/\/tiendapl.com.ec\/index.php\/wp-json\/wp\/v2\/types\/product"}],"version-history":[{"count":1,"href":"https:\/\/tiendapl.com.ec\/index.php\/wp-json\/wp\/v2\/product\/12523\/revisions"}],"predecessor-version":[{"id":12525,"href":"https:\/\/tiendapl.com.ec\/index.php\/wp-json\/wp\/v2\/product\/12523\/revisions\/12525"}],"wp:featuredmedia":[{"embeddable":true,"href":"https:\/\/tiendapl.com.ec\/index.php\/wp-json\/wp\/v2\/media\/12524"}],"wp:attachment":[{"href":"https:\/\/tiendapl.com.ec\/index.php\/wp-json\/wp\/v2\/media?parent=12523"}],"wp:term":[{"taxonomy":"product_cat","embeddable":true,"href":"https:\/\/tiendapl.com.ec\/index.php\/wp-json\/wp\/v2\/product_cat?post=12523"},{"taxonomy":"product_tag","embeddable":true,"href":"https:\/\/tiendapl.com.ec\/index.php\/wp-json\/wp\/v2\/product_tag?post=12523"}],"curies":[{"name":"wp","href":"https:\/\/api.w.org\/{rel}","templated":true}]}}