{"id":12542,"date":"2022-11-08T16:45:39","date_gmt":"2022-11-08T16:45:39","guid":{"rendered":"https:\/\/tiendapl.com.ec\/?post_type=product&#038;p=12542"},"modified":"2024-07-13T16:36:37","modified_gmt":"2024-07-13T16:36:37","slug":"sonajero-fisher-price","status":"publish","type":"product","link":"https:\/\/tiendapl.com.ec\/index.php\/product\/sonajero-fisher-price\/","title":{"rendered":"Sonajero Fisher Price"},"content":{"rendered":"","protected":false},"excerpt":{"rendered":"<p>\u00a1Desarollo de habilidades, m\u00fasica y mucha diversi\u00f3n para tu beb\u00e9!<\/p>\n","protected":false},"featured_media":12543,"template":"","meta":[],"product_cat":[67],"product_tag":[],"_links":{"self":[{"href":"https:\/\/tiendapl.com.ec\/index.php\/wp-json\/wp\/v2\/product\/12542"}],"collection":[{"href":"https:\/\/tiendapl.com.ec\/index.php\/wp-json\/wp\/v2\/product"}],"about":[{"href":"https:\/\/tiendapl.com.ec\/index.php\/wp-json\/wp\/v2\/types\/product"}],"version-history":[{"count":1,"href":"https:\/\/tiendapl.com.ec\/index.php\/wp-json\/wp\/v2\/product\/12542\/revisions"}],"predecessor-version":[{"id":12544,"href":"https:\/\/tiendapl.com.ec\/index.php\/wp-json\/wp\/v2\/product\/12542\/revisions\/12544"}],"wp:featuredmedia":[{"embeddable":true,"href":"https:\/\/tiendapl.com.ec\/index.php\/wp-json\/wp\/v2\/media\/12543"}],"wp:attachment":[{"href":"https:\/\/tiendapl.com.ec\/index.php\/wp-json\/wp\/v2\/media?parent=12542"}],"wp:term":[{"taxonomy":"product_cat","embeddable":true,"href":"https:\/\/tiendapl.com.ec\/index.php\/wp-json\/wp\/v2\/product_cat?post=12542"},{"taxonomy":"product_tag","embeddable":true,"href":"https:\/\/tiendapl.com.ec\/index.php\/wp-json\/wp\/v2\/product_tag?post=12542"}],"curies":[{"name":"wp","href":"https:\/\/api.w.org\/{rel}","templated":true}]}}