{"id":12594,"date":"2022-11-12T19:46:50","date_gmt":"2022-11-12T19:46:50","guid":{"rendered":"https:\/\/tiendapl.com.ec\/?post_type=product&#038;p=12594"},"modified":"2025-05-30T16:34:47","modified_gmt":"2025-05-30T16:34:47","slug":"base-para-laptop","status":"publish","type":"product","link":"https:\/\/tiendapl.com.ec\/index.php\/product\/base-para-laptop\/","title":{"rendered":"Base para Laptop"},"content":{"rendered":"","protected":false},"excerpt":{"rendered":"<p>Este escritorio de ordenador tiene un dise\u00f1o simplista que aumenta la belleza de tu habitaci\u00f3n. El marco del escritorio est\u00e1 dise\u00f1ado para agregar estabilidad extra al escritorio. Los cuatro pies de pl\u00e1stico peque\u00f1os evitan que el escritorio se deslice. Disfrutar\u00e1 de su tiempo en l\u00ednea con este escritorio de computadora.<\/p>\n","protected":false},"featured_media":12595,"template":"","meta":[],"product_cat":[66,71],"product_tag":[],"_links":{"self":[{"href":"https:\/\/tiendapl.com.ec\/index.php\/wp-json\/wp\/v2\/product\/12594"}],"collection":[{"href":"https:\/\/tiendapl.com.ec\/index.php\/wp-json\/wp\/v2\/product"}],"about":[{"href":"https:\/\/tiendapl.com.ec\/index.php\/wp-json\/wp\/v2\/types\/product"}],"version-history":[{"count":1,"href":"https:\/\/tiendapl.com.ec\/index.php\/wp-json\/wp\/v2\/product\/12594\/revisions"}],"predecessor-version":[{"id":12596,"href":"https:\/\/tiendapl.com.ec\/index.php\/wp-json\/wp\/v2\/product\/12594\/revisions\/12596"}],"wp:featuredmedia":[{"embeddable":true,"href":"https:\/\/tiendapl.com.ec\/index.php\/wp-json\/wp\/v2\/media\/12595"}],"wp:attachment":[{"href":"https:\/\/tiendapl.com.ec\/index.php\/wp-json\/wp\/v2\/media?parent=12594"}],"wp:term":[{"taxonomy":"product_cat","embeddable":true,"href":"https:\/\/tiendapl.com.ec\/index.php\/wp-json\/wp\/v2\/product_cat?post=12594"},{"taxonomy":"product_tag","embeddable":true,"href":"https:\/\/tiendapl.com.ec\/index.php\/wp-json\/wp\/v2\/product_tag?post=12594"}],"curies":[{"name":"wp","href":"https:\/\/api.w.org\/{rel}","templated":true}]}}