{"id":12680,"date":"2023-01-14T15:12:03","date_gmt":"2023-01-14T15:12:03","guid":{"rendered":"https:\/\/tiendapl.com.ec\/?post_type=product&#038;p=12680"},"modified":"2023-06-08T21:24:29","modified_gmt":"2023-06-08T21:24:29","slug":"lavadora-electrolux-12-kg","status":"publish","type":"product","link":"https:\/\/tiendapl.com.ec\/index.php\/product\/lavadora-electrolux-12-kg\/","title":{"rendered":"Lavadora Electrolux 12 KG"},"content":{"rendered":"","protected":false},"excerpt":{"rendered":"<p>Modelo: EWI12D3CGMG cuenta con un sistema de lavado Fuzzy Logic el cual determina el peso de la ropa de forma autom\u00e1tica a trav\u00e9s varios sensores, escoge autom\u00e1ticamente el ciclo de lavado permiti\u00e9ndote ahorra tiempo y agua. Con una capacidad de 12 Kg \u2013 27 Libras lavadora de carga superior.<\/p>\n","protected":false},"featured_media":12681,"template":"","meta":[],"product_cat":[65,74],"product_tag":[],"_links":{"self":[{"href":"https:\/\/tiendapl.com.ec\/index.php\/wp-json\/wp\/v2\/product\/12680"}],"collection":[{"href":"https:\/\/tiendapl.com.ec\/index.php\/wp-json\/wp\/v2\/product"}],"about":[{"href":"https:\/\/tiendapl.com.ec\/index.php\/wp-json\/wp\/v2\/types\/product"}],"version-history":[{"count":1,"href":"https:\/\/tiendapl.com.ec\/index.php\/wp-json\/wp\/v2\/product\/12680\/revisions"}],"predecessor-version":[{"id":12682,"href":"https:\/\/tiendapl.com.ec\/index.php\/wp-json\/wp\/v2\/product\/12680\/revisions\/12682"}],"wp:featuredmedia":[{"embeddable":true,"href":"https:\/\/tiendapl.com.ec\/index.php\/wp-json\/wp\/v2\/media\/12681"}],"wp:attachment":[{"href":"https:\/\/tiendapl.com.ec\/index.php\/wp-json\/wp\/v2\/media?parent=12680"}],"wp:term":[{"taxonomy":"product_cat","embeddable":true,"href":"https:\/\/tiendapl.com.ec\/index.php\/wp-json\/wp\/v2\/product_cat?post=12680"},{"taxonomy":"product_tag","embeddable":true,"href":"https:\/\/tiendapl.com.ec\/index.php\/wp-json\/wp\/v2\/product_tag?post=12680"}],"curies":[{"name":"wp","href":"https:\/\/api.w.org\/{rel}","templated":true}]}}