{"id":12683,"date":"2023-01-14T15:21:38","date_gmt":"2023-01-14T15:21:38","guid":{"rendered":"https:\/\/tiendapl.com.ec\/?post_type=product&#038;p=12683"},"modified":"2024-07-13T16:50:41","modified_gmt":"2024-07-13T16:50:41","slug":"lavadora-tcl-13-kg","status":"publish","type":"product","link":"https:\/\/tiendapl.com.ec\/index.php\/product\/lavadora-tcl-13-kg\/","title":{"rendered":"Lavadora TCL 13 KG"},"content":{"rendered":"","protected":false},"excerpt":{"rendered":"<p>Modelo: TTW-13, cuenta con\u00a0 2 tanques, uno de lavado y otro de centrifugado. 1 filtro de malla que atrapa las pelusas al interior del tanque, as\u00ed no quedan en tu ropa. Opci\u00f3n de lavar y centrifugar de manera simult\u00e1nea en 2 tanques independientes. Capacidad:\u00a0 13 Kilos.<\/p>\n","protected":false},"featured_media":12684,"template":"","meta":[],"product_cat":[65,74],"product_tag":[],"_links":{"self":[{"href":"https:\/\/tiendapl.com.ec\/index.php\/wp-json\/wp\/v2\/product\/12683"}],"collection":[{"href":"https:\/\/tiendapl.com.ec\/index.php\/wp-json\/wp\/v2\/product"}],"about":[{"href":"https:\/\/tiendapl.com.ec\/index.php\/wp-json\/wp\/v2\/types\/product"}],"version-history":[{"count":1,"href":"https:\/\/tiendapl.com.ec\/index.php\/wp-json\/wp\/v2\/product\/12683\/revisions"}],"predecessor-version":[{"id":12685,"href":"https:\/\/tiendapl.com.ec\/index.php\/wp-json\/wp\/v2\/product\/12683\/revisions\/12685"}],"wp:featuredmedia":[{"embeddable":true,"href":"https:\/\/tiendapl.com.ec\/index.php\/wp-json\/wp\/v2\/media\/12684"}],"wp:attachment":[{"href":"https:\/\/tiendapl.com.ec\/index.php\/wp-json\/wp\/v2\/media?parent=12683"}],"wp:term":[{"taxonomy":"product_cat","embeddable":true,"href":"https:\/\/tiendapl.com.ec\/index.php\/wp-json\/wp\/v2\/product_cat?post=12683"},{"taxonomy":"product_tag","embeddable":true,"href":"https:\/\/tiendapl.com.ec\/index.php\/wp-json\/wp\/v2\/product_tag?post=12683"}],"curies":[{"name":"wp","href":"https:\/\/api.w.org\/{rel}","templated":true}]}}