{"id":12735,"date":"2023-01-18T20:49:15","date_gmt":"2023-01-18T20:49:15","guid":{"rendered":"https:\/\/tiendapl.com.ec\/?post_type=product&#038;p=12735"},"modified":"2024-07-11T17:08:15","modified_gmt":"2024-07-11T17:08:15","slug":"set-de-cocina-hwa1304134","status":"publish","type":"product","link":"https:\/\/tiendapl.com.ec\/index.php\/product\/set-de-cocina-hwa1304134\/","title":{"rendered":"Set de Cocina HWA1304134"},"content":{"rendered":"","protected":false},"excerpt":{"rendered":"<p data-spm-anchor-id=\"a2700.details.0.i9.1ffc30e43XRKrj\">Multifuncional herramientas de la cocina de juguete de pl\u00e1stico ni\u00f1os juego de cocina. C\u00f3digo: 5JWH090<\/p>\n","protected":false},"featured_media":12737,"template":"","meta":[],"product_cat":[67],"product_tag":[],"_links":{"self":[{"href":"https:\/\/tiendapl.com.ec\/index.php\/wp-json\/wp\/v2\/product\/12735"}],"collection":[{"href":"https:\/\/tiendapl.com.ec\/index.php\/wp-json\/wp\/v2\/product"}],"about":[{"href":"https:\/\/tiendapl.com.ec\/index.php\/wp-json\/wp\/v2\/types\/product"}],"version-history":[{"count":1,"href":"https:\/\/tiendapl.com.ec\/index.php\/wp-json\/wp\/v2\/product\/12735\/revisions"}],"predecessor-version":[{"id":12738,"href":"https:\/\/tiendapl.com.ec\/index.php\/wp-json\/wp\/v2\/product\/12735\/revisions\/12738"}],"wp:featuredmedia":[{"embeddable":true,"href":"https:\/\/tiendapl.com.ec\/index.php\/wp-json\/wp\/v2\/media\/12737"}],"wp:attachment":[{"href":"https:\/\/tiendapl.com.ec\/index.php\/wp-json\/wp\/v2\/media?parent=12735"}],"wp:term":[{"taxonomy":"product_cat","embeddable":true,"href":"https:\/\/tiendapl.com.ec\/index.php\/wp-json\/wp\/v2\/product_cat?post=12735"},{"taxonomy":"product_tag","embeddable":true,"href":"https:\/\/tiendapl.com.ec\/index.php\/wp-json\/wp\/v2\/product_tag?post=12735"}],"curies":[{"name":"wp","href":"https:\/\/api.w.org\/{rel}","templated":true}]}}