{"id":12742,"date":"2023-01-18T21:10:33","date_gmt":"2023-01-18T21:10:33","guid":{"rendered":"https:\/\/tiendapl.com.ec\/?post_type=product&#038;p=12742"},"modified":"2024-07-13T17:06:11","modified_gmt":"2024-07-13T17:06:11","slug":"sarten-tramontina-paris","status":"publish","type":"product","link":"https:\/\/tiendapl.com.ec\/index.php\/product\/sarten-tramontina-paris\/","title":{"rendered":"Sart\u00e9n Tramontina Paris"},"content":{"rendered":"","protected":false},"excerpt":{"rendered":"<p>Aluminio con revestimiento interno en antiadherente Starflon T1 y externo de silicone. Mango de baquelita antit\u00e9rmica. Incluye esp\u00e1tula de nylon. 20 cm di\u00e1metro.<\/p>\n","protected":false},"featured_media":12743,"template":"","meta":[],"product_cat":[108,65],"product_tag":[],"_links":{"self":[{"href":"https:\/\/tiendapl.com.ec\/index.php\/wp-json\/wp\/v2\/product\/12742"}],"collection":[{"href":"https:\/\/tiendapl.com.ec\/index.php\/wp-json\/wp\/v2\/product"}],"about":[{"href":"https:\/\/tiendapl.com.ec\/index.php\/wp-json\/wp\/v2\/types\/product"}],"version-history":[{"count":1,"href":"https:\/\/tiendapl.com.ec\/index.php\/wp-json\/wp\/v2\/product\/12742\/revisions"}],"predecessor-version":[{"id":12744,"href":"https:\/\/tiendapl.com.ec\/index.php\/wp-json\/wp\/v2\/product\/12742\/revisions\/12744"}],"wp:featuredmedia":[{"embeddable":true,"href":"https:\/\/tiendapl.com.ec\/index.php\/wp-json\/wp\/v2\/media\/12743"}],"wp:attachment":[{"href":"https:\/\/tiendapl.com.ec\/index.php\/wp-json\/wp\/v2\/media?parent=12742"}],"wp:term":[{"taxonomy":"product_cat","embeddable":true,"href":"https:\/\/tiendapl.com.ec\/index.php\/wp-json\/wp\/v2\/product_cat?post=12742"},{"taxonomy":"product_tag","embeddable":true,"href":"https:\/\/tiendapl.com.ec\/index.php\/wp-json\/wp\/v2\/product_tag?post=12742"}],"curies":[{"name":"wp","href":"https:\/\/api.w.org\/{rel}","templated":true}]}}