{"id":12821,"date":"2023-01-21T22:16:27","date_gmt":"2023-01-21T22:16:27","guid":{"rendered":"https:\/\/tiendapl.com.ec\/?post_type=product&#038;p=12821"},"modified":"2024-07-13T19:42:22","modified_gmt":"2024-07-13T19:42:22","slug":"batidora-de-mano-oster","status":"publish","type":"product","link":"https:\/\/tiendapl.com.ec\/index.php\/product\/batidora-de-mano-oster\/","title":{"rendered":"Batidora de mano Oster"},"content":{"rendered":"","protected":false},"excerpt":{"rendered":"<p>Modelo: 2499. Cuenta con 5 velocidades. Puedes usarla con batidores o ganchos amasadores. Para expulsar los batidores solo necesitas dar clic en un bot\u00f3n. Su mango es ergon\u00f3mico y f\u00e1cil de manipular. Su base es inclinada para brindar mayor estabilidad<\/p>\n","protected":false},"featured_media":12822,"template":"","meta":[],"product_cat":[65,82],"product_tag":[],"_links":{"self":[{"href":"https:\/\/tiendapl.com.ec\/index.php\/wp-json\/wp\/v2\/product\/12821"}],"collection":[{"href":"https:\/\/tiendapl.com.ec\/index.php\/wp-json\/wp\/v2\/product"}],"about":[{"href":"https:\/\/tiendapl.com.ec\/index.php\/wp-json\/wp\/v2\/types\/product"}],"version-history":[{"count":2,"href":"https:\/\/tiendapl.com.ec\/index.php\/wp-json\/wp\/v2\/product\/12821\/revisions"}],"predecessor-version":[{"id":15507,"href":"https:\/\/tiendapl.com.ec\/index.php\/wp-json\/wp\/v2\/product\/12821\/revisions\/15507"}],"wp:featuredmedia":[{"embeddable":true,"href":"https:\/\/tiendapl.com.ec\/index.php\/wp-json\/wp\/v2\/media\/12822"}],"wp:attachment":[{"href":"https:\/\/tiendapl.com.ec\/index.php\/wp-json\/wp\/v2\/media?parent=12821"}],"wp:term":[{"taxonomy":"product_cat","embeddable":true,"href":"https:\/\/tiendapl.com.ec\/index.php\/wp-json\/wp\/v2\/product_cat?post=12821"},{"taxonomy":"product_tag","embeddable":true,"href":"https:\/\/tiendapl.com.ec\/index.php\/wp-json\/wp\/v2\/product_tag?post=12821"}],"curies":[{"name":"wp","href":"https:\/\/api.w.org\/{rel}","templated":true}]}}