{"id":12949,"date":"2023-02-09T22:43:40","date_gmt":"2023-02-09T22:43:40","guid":{"rendered":"https:\/\/tiendapl.com.ec\/?post_type=product&#038;p=12949"},"modified":"2023-08-10T20:07:33","modified_gmt":"2023-08-10T20:07:33","slug":"pistola-de-burbuja-bubble-gun","status":"publish","type":"product","link":"https:\/\/tiendapl.com.ec\/index.php\/product\/pistola-de-burbuja-bubble-gun\/","title":{"rendered":"Pistola de Burbuja Bubble Gun"},"content":{"rendered":"","protected":false},"excerpt":{"rendered":"<p>Pistola de burbujas con luz el\u00e9ctrica autom\u00e1tica para ni\u00f1os.<\/p>\n","protected":false},"featured_media":12950,"template":"","meta":[],"product_cat":[67,71],"product_tag":[],"_links":{"self":[{"href":"https:\/\/tiendapl.com.ec\/index.php\/wp-json\/wp\/v2\/product\/12949"}],"collection":[{"href":"https:\/\/tiendapl.com.ec\/index.php\/wp-json\/wp\/v2\/product"}],"about":[{"href":"https:\/\/tiendapl.com.ec\/index.php\/wp-json\/wp\/v2\/types\/product"}],"version-history":[{"count":1,"href":"https:\/\/tiendapl.com.ec\/index.php\/wp-json\/wp\/v2\/product\/12949\/revisions"}],"predecessor-version":[{"id":12951,"href":"https:\/\/tiendapl.com.ec\/index.php\/wp-json\/wp\/v2\/product\/12949\/revisions\/12951"}],"wp:featuredmedia":[{"embeddable":true,"href":"https:\/\/tiendapl.com.ec\/index.php\/wp-json\/wp\/v2\/media\/12950"}],"wp:attachment":[{"href":"https:\/\/tiendapl.com.ec\/index.php\/wp-json\/wp\/v2\/media?parent=12949"}],"wp:term":[{"taxonomy":"product_cat","embeddable":true,"href":"https:\/\/tiendapl.com.ec\/index.php\/wp-json\/wp\/v2\/product_cat?post=12949"},{"taxonomy":"product_tag","embeddable":true,"href":"https:\/\/tiendapl.com.ec\/index.php\/wp-json\/wp\/v2\/product_tag?post=12949"}],"curies":[{"name":"wp","href":"https:\/\/api.w.org\/{rel}","templated":true}]}}