{"id":12982,"date":"2023-02-10T19:02:16","date_gmt":"2023-02-10T19:02:16","guid":{"rendered":"https:\/\/tiendapl.com.ec\/?post_type=product&#038;p=12982"},"modified":"2024-07-13T18:24:24","modified_gmt":"2024-07-13T18:24:24","slug":"licuadora-premier","status":"publish","type":"product","link":"https:\/\/tiendapl.com.ec\/index.php\/product\/licuadora-premier\/","title":{"rendered":"Licuadora Premier"},"content":{"rendered":"","protected":false},"excerpt":{"rendered":"<p>Modelo: ED-5986.\u00a0 Funci\u00f3n de pulso. Funci\u00f3n de licuadora y pica todo. Jarra de pl\u00e1stico.<\/p>\n","protected":false},"featured_media":12983,"template":"","meta":[],"product_cat":[65,82],"product_tag":[128,129,130],"_links":{"self":[{"href":"https:\/\/tiendapl.com.ec\/index.php\/wp-json\/wp\/v2\/product\/12982"}],"collection":[{"href":"https:\/\/tiendapl.com.ec\/index.php\/wp-json\/wp\/v2\/product"}],"about":[{"href":"https:\/\/tiendapl.com.ec\/index.php\/wp-json\/wp\/v2\/types\/product"}],"version-history":[{"count":1,"href":"https:\/\/tiendapl.com.ec\/index.php\/wp-json\/wp\/v2\/product\/12982\/revisions"}],"predecessor-version":[{"id":12984,"href":"https:\/\/tiendapl.com.ec\/index.php\/wp-json\/wp\/v2\/product\/12982\/revisions\/12984"}],"wp:featuredmedia":[{"embeddable":true,"href":"https:\/\/tiendapl.com.ec\/index.php\/wp-json\/wp\/v2\/media\/12983"}],"wp:attachment":[{"href":"https:\/\/tiendapl.com.ec\/index.php\/wp-json\/wp\/v2\/media?parent=12982"}],"wp:term":[{"taxonomy":"product_cat","embeddable":true,"href":"https:\/\/tiendapl.com.ec\/index.php\/wp-json\/wp\/v2\/product_cat?post=12982"},{"taxonomy":"product_tag","embeddable":true,"href":"https:\/\/tiendapl.com.ec\/index.php\/wp-json\/wp\/v2\/product_tag?post=12982"}],"curies":[{"name":"wp","href":"https:\/\/api.w.org\/{rel}","templated":true}]}}