{"id":12992,"date":"2023-02-10T21:00:28","date_gmt":"2023-02-10T21:00:28","guid":{"rendered":"https:\/\/tiendapl.com.ec\/?post_type=product&#038;p=12992"},"modified":"2024-07-13T20:54:10","modified_gmt":"2024-07-13T20:54:10","slug":"batidora-de-mano-brentwood-roja","status":"publish","type":"product","link":"https:\/\/tiendapl.com.ec\/index.php\/product\/batidora-de-mano-brentwood-roja\/","title":{"rendered":"Batidora de mano Brentwood Roja"},"content":{"rendered":"","protected":false},"excerpt":{"rendered":"<p>Modelo: HB-33R. Empu\u00f1adura suave ergon\u00f3mica con botones t\u00e1ctiles suaves. 2 velocidades. Cuchillas de acero inoxidable y eje de mezcla.<\/p>\n","protected":false},"featured_media":12993,"template":"","meta":[],"product_cat":[65,82],"product_tag":[],"_links":{"self":[{"href":"https:\/\/tiendapl.com.ec\/index.php\/wp-json\/wp\/v2\/product\/12992"}],"collection":[{"href":"https:\/\/tiendapl.com.ec\/index.php\/wp-json\/wp\/v2\/product"}],"about":[{"href":"https:\/\/tiendapl.com.ec\/index.php\/wp-json\/wp\/v2\/types\/product"}],"version-history":[{"count":1,"href":"https:\/\/tiendapl.com.ec\/index.php\/wp-json\/wp\/v2\/product\/12992\/revisions"}],"predecessor-version":[{"id":12994,"href":"https:\/\/tiendapl.com.ec\/index.php\/wp-json\/wp\/v2\/product\/12992\/revisions\/12994"}],"wp:featuredmedia":[{"embeddable":true,"href":"https:\/\/tiendapl.com.ec\/index.php\/wp-json\/wp\/v2\/media\/12993"}],"wp:attachment":[{"href":"https:\/\/tiendapl.com.ec\/index.php\/wp-json\/wp\/v2\/media?parent=12992"}],"wp:term":[{"taxonomy":"product_cat","embeddable":true,"href":"https:\/\/tiendapl.com.ec\/index.php\/wp-json\/wp\/v2\/product_cat?post=12992"},{"taxonomy":"product_tag","embeddable":true,"href":"https:\/\/tiendapl.com.ec\/index.php\/wp-json\/wp\/v2\/product_tag?post=12992"}],"curies":[{"name":"wp","href":"https:\/\/api.w.org\/{rel}","templated":true}]}}