{"id":13105,"date":"2023-02-11T22:18:51","date_gmt":"2023-02-11T22:18:51","guid":{"rendered":"https:\/\/tiendapl.com.ec\/?post_type=product&#038;p=13105"},"modified":"2024-07-13T20:09:51","modified_gmt":"2024-07-13T20:09:51","slug":"secadora-mabe","status":"publish","type":"product","link":"https:\/\/tiendapl.com.ec\/index.php\/product\/secadora-mabe\/","title":{"rendered":"Secadora Mabe"},"content":{"rendered":"","protected":false},"excerpt":{"rendered":"<p>Modelo: SMG26N5MNBAB0. Tambor de acero inoxidable, son m\u00e1s eficientes controlando la reproducci\u00f3n de bacterias, proporcionando un lavado higi\u00e9nico. Filtro atrapa las pelusas que se desprenden durante el lavado, evitando que se peguen en la ropa, es muy f\u00e1cil de quitar y limpiar.<\/p>\n","protected":false},"featured_media":13106,"template":"","meta":[],"product_cat":[65,74],"product_tag":[151,150],"_links":{"self":[{"href":"https:\/\/tiendapl.com.ec\/index.php\/wp-json\/wp\/v2\/product\/13105"}],"collection":[{"href":"https:\/\/tiendapl.com.ec\/index.php\/wp-json\/wp\/v2\/product"}],"about":[{"href":"https:\/\/tiendapl.com.ec\/index.php\/wp-json\/wp\/v2\/types\/product"}],"version-history":[{"count":1,"href":"https:\/\/tiendapl.com.ec\/index.php\/wp-json\/wp\/v2\/product\/13105\/revisions"}],"predecessor-version":[{"id":13107,"href":"https:\/\/tiendapl.com.ec\/index.php\/wp-json\/wp\/v2\/product\/13105\/revisions\/13107"}],"wp:featuredmedia":[{"embeddable":true,"href":"https:\/\/tiendapl.com.ec\/index.php\/wp-json\/wp\/v2\/media\/13106"}],"wp:attachment":[{"href":"https:\/\/tiendapl.com.ec\/index.php\/wp-json\/wp\/v2\/media?parent=13105"}],"wp:term":[{"taxonomy":"product_cat","embeddable":true,"href":"https:\/\/tiendapl.com.ec\/index.php\/wp-json\/wp\/v2\/product_cat?post=13105"},{"taxonomy":"product_tag","embeddable":true,"href":"https:\/\/tiendapl.com.ec\/index.php\/wp-json\/wp\/v2\/product_tag?post=13105"}],"curies":[{"name":"wp","href":"https:\/\/api.w.org\/{rel}","templated":true}]}}