{"id":13208,"date":"2023-03-24T16:48:18","date_gmt":"2023-03-24T16:48:18","guid":{"rendered":"https:\/\/tiendapl.com.ec\/?post_type=product&#038;p=13208"},"modified":"2024-07-13T20:20:26","modified_gmt":"2024-07-13T20:20:26","slug":"mochila-panalera","status":"publish","type":"product","link":"https:\/\/tiendapl.com.ec\/index.php\/product\/mochila-panalera\/","title":{"rendered":"Mochila Pa\u00f1alera"},"content":{"rendered":"","protected":false},"excerpt":{"rendered":"<p>C\u00f3digo: Pl-323. Pa\u00f1alera con cambiador, diferentes colores.<\/p>\n","protected":false},"featured_media":13209,"template":"","meta":[],"product_cat":[71],"product_tag":[],"_links":{"self":[{"href":"https:\/\/tiendapl.com.ec\/index.php\/wp-json\/wp\/v2\/product\/13208"}],"collection":[{"href":"https:\/\/tiendapl.com.ec\/index.php\/wp-json\/wp\/v2\/product"}],"about":[{"href":"https:\/\/tiendapl.com.ec\/index.php\/wp-json\/wp\/v2\/types\/product"}],"version-history":[{"count":1,"href":"https:\/\/tiendapl.com.ec\/index.php\/wp-json\/wp\/v2\/product\/13208\/revisions"}],"predecessor-version":[{"id":13210,"href":"https:\/\/tiendapl.com.ec\/index.php\/wp-json\/wp\/v2\/product\/13208\/revisions\/13210"}],"wp:featuredmedia":[{"embeddable":true,"href":"https:\/\/tiendapl.com.ec\/index.php\/wp-json\/wp\/v2\/media\/13209"}],"wp:attachment":[{"href":"https:\/\/tiendapl.com.ec\/index.php\/wp-json\/wp\/v2\/media?parent=13208"}],"wp:term":[{"taxonomy":"product_cat","embeddable":true,"href":"https:\/\/tiendapl.com.ec\/index.php\/wp-json\/wp\/v2\/product_cat?post=13208"},{"taxonomy":"product_tag","embeddable":true,"href":"https:\/\/tiendapl.com.ec\/index.php\/wp-json\/wp\/v2\/product_tag?post=13208"}],"curies":[{"name":"wp","href":"https:\/\/api.w.org\/{rel}","templated":true}]}}