{"id":13259,"date":"2023-03-25T16:53:54","date_gmt":"2023-03-25T16:53:54","guid":{"rendered":"https:\/\/tiendapl.com.ec\/?post_type=product&#038;p=13259"},"modified":"2024-07-08T23:06:54","modified_gmt":"2024-07-08T23:06:54","slug":"cocinita-de-madera-amarillo-verde","status":"publish","type":"product","link":"https:\/\/tiendapl.com.ec\/index.php\/product\/cocinita-de-madera-amarillo-verde\/","title":{"rendered":"Cocinita de madera Amarillo\/Verde"},"content":{"rendered":"","protected":false},"excerpt":{"rendered":"<p>C\u00f3digo: Pl-160. Mini cocinita de madera para ni\u00f1os a partir de 2 a\u00f1os.<\/p>\n","protected":false},"featured_media":13260,"template":"","meta":[],"product_cat":[67],"product_tag":[],"_links":{"self":[{"href":"https:\/\/tiendapl.com.ec\/index.php\/wp-json\/wp\/v2\/product\/13259"}],"collection":[{"href":"https:\/\/tiendapl.com.ec\/index.php\/wp-json\/wp\/v2\/product"}],"about":[{"href":"https:\/\/tiendapl.com.ec\/index.php\/wp-json\/wp\/v2\/types\/product"}],"version-history":[{"count":1,"href":"https:\/\/tiendapl.com.ec\/index.php\/wp-json\/wp\/v2\/product\/13259\/revisions"}],"predecessor-version":[{"id":13261,"href":"https:\/\/tiendapl.com.ec\/index.php\/wp-json\/wp\/v2\/product\/13259\/revisions\/13261"}],"wp:featuredmedia":[{"embeddable":true,"href":"https:\/\/tiendapl.com.ec\/index.php\/wp-json\/wp\/v2\/media\/13260"}],"wp:attachment":[{"href":"https:\/\/tiendapl.com.ec\/index.php\/wp-json\/wp\/v2\/media?parent=13259"}],"wp:term":[{"taxonomy":"product_cat","embeddable":true,"href":"https:\/\/tiendapl.com.ec\/index.php\/wp-json\/wp\/v2\/product_cat?post=13259"},{"taxonomy":"product_tag","embeddable":true,"href":"https:\/\/tiendapl.com.ec\/index.php\/wp-json\/wp\/v2\/product_tag?post=13259"}],"curies":[{"name":"wp","href":"https:\/\/api.w.org\/{rel}","templated":true}]}}