{"id":13310,"date":"2023-05-06T16:16:22","date_gmt":"2023-05-06T16:16:22","guid":{"rendered":"https:\/\/tiendapl.com.ec\/?post_type=product&#038;p=13310"},"modified":"2024-06-01T20:35:55","modified_gmt":"2024-06-01T20:35:55","slug":"silla-de-patio-para-bebe","status":"publish","type":"product","link":"https:\/\/tiendapl.com.ec\/index.php\/product\/silla-de-patio-para-bebe\/","title":{"rendered":"Silla de patio para bebe"},"content":{"rendered":"","protected":false},"excerpt":{"rendered":"<p>C\u00f3digo: PL-629. Atractivo y moderno dise\u00f1o que permite un c\u00f3modo asiento.\u00a0 Muy f\u00e1cil de armar y trasladar.<\/p>\n","protected":false},"featured_media":13311,"template":"","meta":[],"product_cat":[67],"product_tag":[],"_links":{"self":[{"href":"https:\/\/tiendapl.com.ec\/index.php\/wp-json\/wp\/v2\/product\/13310"}],"collection":[{"href":"https:\/\/tiendapl.com.ec\/index.php\/wp-json\/wp\/v2\/product"}],"about":[{"href":"https:\/\/tiendapl.com.ec\/index.php\/wp-json\/wp\/v2\/types\/product"}],"version-history":[{"count":1,"href":"https:\/\/tiendapl.com.ec\/index.php\/wp-json\/wp\/v2\/product\/13310\/revisions"}],"predecessor-version":[{"id":13312,"href":"https:\/\/tiendapl.com.ec\/index.php\/wp-json\/wp\/v2\/product\/13310\/revisions\/13312"}],"wp:featuredmedia":[{"embeddable":true,"href":"https:\/\/tiendapl.com.ec\/index.php\/wp-json\/wp\/v2\/media\/13311"}],"wp:attachment":[{"href":"https:\/\/tiendapl.com.ec\/index.php\/wp-json\/wp\/v2\/media?parent=13310"}],"wp:term":[{"taxonomy":"product_cat","embeddable":true,"href":"https:\/\/tiendapl.com.ec\/index.php\/wp-json\/wp\/v2\/product_cat?post=13310"},{"taxonomy":"product_tag","embeddable":true,"href":"https:\/\/tiendapl.com.ec\/index.php\/wp-json\/wp\/v2\/product_tag?post=13310"}],"curies":[{"name":"wp","href":"https:\/\/api.w.org\/{rel}","templated":true}]}}