{"id":13455,"date":"2023-06-08T22:02:53","date_gmt":"2023-06-08T22:02:53","guid":{"rendered":"https:\/\/tiendapl.com.ec\/?post_type=product&#038;p=13455"},"modified":"2023-11-05T22:03:10","modified_gmt":"2023-11-05T22:03:10","slug":"lavadora-electrolux-12-kg-2","status":"publish","type":"product","link":"https:\/\/tiendapl.com.ec\/index.php\/product\/lavadora-electrolux-12-kg-2\/","title":{"rendered":"Lavadora Electrolux 12 KG"},"content":{"rendered":"","protected":false},"excerpt":{"rendered":"<p>Modelo: EWIX12F6CSG. Lavadora de Carga Superior 12Kg. Color Silver. Tecnolog\u00eda Easy &amp; Clean: Optimiza al m\u00e1ximo el jab\u00f3n. Pantalla Digital con Time Control: Mayor practicidad y optimizaci\u00f3n de tu tiempo.<\/p>\n","protected":false},"featured_media":13456,"template":"","meta":[],"product_cat":[65,74],"product_tag":[],"_links":{"self":[{"href":"https:\/\/tiendapl.com.ec\/index.php\/wp-json\/wp\/v2\/product\/13455"}],"collection":[{"href":"https:\/\/tiendapl.com.ec\/index.php\/wp-json\/wp\/v2\/product"}],"about":[{"href":"https:\/\/tiendapl.com.ec\/index.php\/wp-json\/wp\/v2\/types\/product"}],"version-history":[{"count":1,"href":"https:\/\/tiendapl.com.ec\/index.php\/wp-json\/wp\/v2\/product\/13455\/revisions"}],"predecessor-version":[{"id":13457,"href":"https:\/\/tiendapl.com.ec\/index.php\/wp-json\/wp\/v2\/product\/13455\/revisions\/13457"}],"wp:featuredmedia":[{"embeddable":true,"href":"https:\/\/tiendapl.com.ec\/index.php\/wp-json\/wp\/v2\/media\/13456"}],"wp:attachment":[{"href":"https:\/\/tiendapl.com.ec\/index.php\/wp-json\/wp\/v2\/media?parent=13455"}],"wp:term":[{"taxonomy":"product_cat","embeddable":true,"href":"https:\/\/tiendapl.com.ec\/index.php\/wp-json\/wp\/v2\/product_cat?post=13455"},{"taxonomy":"product_tag","embeddable":true,"href":"https:\/\/tiendapl.com.ec\/index.php\/wp-json\/wp\/v2\/product_tag?post=13455"}],"curies":[{"name":"wp","href":"https:\/\/api.w.org\/{rel}","templated":true}]}}