{"id":13476,"date":"2023-06-09T18:18:53","date_gmt":"2023-06-09T18:18:53","guid":{"rendered":"https:\/\/tiendapl.com.ec\/?post_type=product&#038;p=13476"},"modified":"2024-07-13T20:43:17","modified_gmt":"2024-07-13T20:43:17","slug":"refrigeradora-electrolux","status":"publish","type":"product","link":"https:\/\/tiendapl.com.ec\/index.php\/product\/refrigeradora-electrolux\/","title":{"rendered":"Refrigeradora Electrolux"},"content":{"rendered":"","protected":false},"excerpt":{"rendered":"<p>Modelo: ERTS09G3HUS. Esta nevera cuenta con una capacidad total de 251 litros. cuenta con dos caracter\u00edsticas que lo convierten en un electrodom\u00e9stico dise\u00f1ado para cuidar el planeta y mitigar los efectos del cambio clim\u00e1tico.<\/p>\n","protected":false},"featured_media":13477,"template":"","meta":[],"product_cat":[65,75],"product_tag":[160,161],"_links":{"self":[{"href":"https:\/\/tiendapl.com.ec\/index.php\/wp-json\/wp\/v2\/product\/13476"}],"collection":[{"href":"https:\/\/tiendapl.com.ec\/index.php\/wp-json\/wp\/v2\/product"}],"about":[{"href":"https:\/\/tiendapl.com.ec\/index.php\/wp-json\/wp\/v2\/types\/product"}],"version-history":[{"count":1,"href":"https:\/\/tiendapl.com.ec\/index.php\/wp-json\/wp\/v2\/product\/13476\/revisions"}],"predecessor-version":[{"id":13478,"href":"https:\/\/tiendapl.com.ec\/index.php\/wp-json\/wp\/v2\/product\/13476\/revisions\/13478"}],"wp:featuredmedia":[{"embeddable":true,"href":"https:\/\/tiendapl.com.ec\/index.php\/wp-json\/wp\/v2\/media\/13477"}],"wp:attachment":[{"href":"https:\/\/tiendapl.com.ec\/index.php\/wp-json\/wp\/v2\/media?parent=13476"}],"wp:term":[{"taxonomy":"product_cat","embeddable":true,"href":"https:\/\/tiendapl.com.ec\/index.php\/wp-json\/wp\/v2\/product_cat?post=13476"},{"taxonomy":"product_tag","embeddable":true,"href":"https:\/\/tiendapl.com.ec\/index.php\/wp-json\/wp\/v2\/product_tag?post=13476"}],"curies":[{"name":"wp","href":"https:\/\/api.w.org\/{rel}","templated":true}]}}