{"id":13577,"date":"2023-08-08T22:26:28","date_gmt":"2023-08-08T22:26:28","guid":{"rendered":"https:\/\/tiendapl.com.ec\/?post_type=product&#038;p=13577"},"modified":"2025-11-22T15:47:52","modified_gmt":"2025-11-22T15:47:52","slug":"minibar-electrolux-90ltrs","status":"publish","type":"product","link":"https:\/\/tiendapl.com.ec\/index.php\/product\/minibar-electrolux-90ltrs\/","title":{"rendered":"Minibar Electrolux 90Ltrs"},"content":{"rendered":"","protected":false},"excerpt":{"rendered":"<p>F\u00e1cil de instalar, con capacidad de hasta 90Lt, almacena f\u00e1cilmente bebidas de diferentes tama\u00f1os, desde los 2Lt, cuenta con un compartimiento exclusivo para 5 latas.<\/p>\n","protected":false},"featured_media":13578,"template":"","meta":[],"product_cat":[65,75],"product_tag":[160,477,161],"_links":{"self":[{"href":"https:\/\/tiendapl.com.ec\/index.php\/wp-json\/wp\/v2\/product\/13577"}],"collection":[{"href":"https:\/\/tiendapl.com.ec\/index.php\/wp-json\/wp\/v2\/product"}],"about":[{"href":"https:\/\/tiendapl.com.ec\/index.php\/wp-json\/wp\/v2\/types\/product"}],"version-history":[{"count":1,"href":"https:\/\/tiendapl.com.ec\/index.php\/wp-json\/wp\/v2\/product\/13577\/revisions"}],"predecessor-version":[{"id":13580,"href":"https:\/\/tiendapl.com.ec\/index.php\/wp-json\/wp\/v2\/product\/13577\/revisions\/13580"}],"wp:featuredmedia":[{"embeddable":true,"href":"https:\/\/tiendapl.com.ec\/index.php\/wp-json\/wp\/v2\/media\/13578"}],"wp:attachment":[{"href":"https:\/\/tiendapl.com.ec\/index.php\/wp-json\/wp\/v2\/media?parent=13577"}],"wp:term":[{"taxonomy":"product_cat","embeddable":true,"href":"https:\/\/tiendapl.com.ec\/index.php\/wp-json\/wp\/v2\/product_cat?post=13577"},{"taxonomy":"product_tag","embeddable":true,"href":"https:\/\/tiendapl.com.ec\/index.php\/wp-json\/wp\/v2\/product_tag?post=13577"}],"curies":[{"name":"wp","href":"https:\/\/api.w.org\/{rel}","templated":true}]}}