{"id":13581,"date":"2023-08-08T23:00:29","date_gmt":"2023-08-08T23:00:29","guid":{"rendered":"https:\/\/tiendapl.com.ec\/?post_type=product&#038;p=13581"},"modified":"2026-04-06T14:39:27","modified_gmt":"2026-04-06T14:39:27","slug":"almohada-ergonomica","status":"publish","type":"product","link":"https:\/\/tiendapl.com.ec\/index.php\/product\/almohada-ergonomica\/","title":{"rendered":"Almohada Ergon\u00f3mica"},"content":{"rendered":"","protected":false},"excerpt":{"rendered":"<p>La almohada separador de rodilla es el mejor coj\u00edn de piernas para aquellos que buscan alivio, ya que el coj\u00edn apoya c\u00f3modamente sus piernas y rodillas para proporcionar una alineaci\u00f3n.<\/p>\n","protected":false},"featured_media":13582,"template":"","meta":[],"product_cat":[71],"product_tag":[],"_links":{"self":[{"href":"https:\/\/tiendapl.com.ec\/index.php\/wp-json\/wp\/v2\/product\/13581"}],"collection":[{"href":"https:\/\/tiendapl.com.ec\/index.php\/wp-json\/wp\/v2\/product"}],"about":[{"href":"https:\/\/tiendapl.com.ec\/index.php\/wp-json\/wp\/v2\/types\/product"}],"version-history":[{"count":1,"href":"https:\/\/tiendapl.com.ec\/index.php\/wp-json\/wp\/v2\/product\/13581\/revisions"}],"predecessor-version":[{"id":13584,"href":"https:\/\/tiendapl.com.ec\/index.php\/wp-json\/wp\/v2\/product\/13581\/revisions\/13584"}],"wp:featuredmedia":[{"embeddable":true,"href":"https:\/\/tiendapl.com.ec\/index.php\/wp-json\/wp\/v2\/media\/13582"}],"wp:attachment":[{"href":"https:\/\/tiendapl.com.ec\/index.php\/wp-json\/wp\/v2\/media?parent=13581"}],"wp:term":[{"taxonomy":"product_cat","embeddable":true,"href":"https:\/\/tiendapl.com.ec\/index.php\/wp-json\/wp\/v2\/product_cat?post=13581"},{"taxonomy":"product_tag","embeddable":true,"href":"https:\/\/tiendapl.com.ec\/index.php\/wp-json\/wp\/v2\/product_tag?post=13581"}],"curies":[{"name":"wp","href":"https:\/\/api.w.org\/{rel}","templated":true}]}}