{"id":13591,"date":"2023-08-10T20:03:03","date_gmt":"2023-08-10T20:03:03","guid":{"rendered":"https:\/\/tiendapl.com.ec\/?post_type=product&#038;p=13591"},"modified":"2024-05-21T16:50:18","modified_gmt":"2024-05-21T16:50:18","slug":"exprimidor-de-citricos-space","status":"publish","type":"product","link":"https:\/\/tiendapl.com.ec\/index.php\/product\/exprimidor-de-citricos-space\/","title":{"rendered":"Exprimidor de C\u00edtricos Space"},"content":{"rendered":"","protected":false},"excerpt":{"rendered":"<p>C\u00f3digo: ZW-2063. Exprimidor port\u00e1til.<\/p>\n","protected":false},"featured_media":13592,"template":"","meta":[],"product_cat":[102,65],"product_tag":[],"_links":{"self":[{"href":"https:\/\/tiendapl.com.ec\/index.php\/wp-json\/wp\/v2\/product\/13591"}],"collection":[{"href":"https:\/\/tiendapl.com.ec\/index.php\/wp-json\/wp\/v2\/product"}],"about":[{"href":"https:\/\/tiendapl.com.ec\/index.php\/wp-json\/wp\/v2\/types\/product"}],"version-history":[{"count":2,"href":"https:\/\/tiendapl.com.ec\/index.php\/wp-json\/wp\/v2\/product\/13591\/revisions"}],"predecessor-version":[{"id":14633,"href":"https:\/\/tiendapl.com.ec\/index.php\/wp-json\/wp\/v2\/product\/13591\/revisions\/14633"}],"wp:featuredmedia":[{"embeddable":true,"href":"https:\/\/tiendapl.com.ec\/index.php\/wp-json\/wp\/v2\/media\/13592"}],"wp:attachment":[{"href":"https:\/\/tiendapl.com.ec\/index.php\/wp-json\/wp\/v2\/media?parent=13591"}],"wp:term":[{"taxonomy":"product_cat","embeddable":true,"href":"https:\/\/tiendapl.com.ec\/index.php\/wp-json\/wp\/v2\/product_cat?post=13591"},{"taxonomy":"product_tag","embeddable":true,"href":"https:\/\/tiendapl.com.ec\/index.php\/wp-json\/wp\/v2\/product_tag?post=13591"}],"curies":[{"name":"wp","href":"https:\/\/api.w.org\/{rel}","templated":true}]}}