{"id":13688,"date":"2023-09-16T21:07:23","date_gmt":"2023-09-16T21:07:23","guid":{"rendered":"https:\/\/tiendapl.com.ec\/?post_type=product&#038;p=13688"},"modified":"2026-01-12T20:39:02","modified_gmt":"2026-01-12T20:39:02","slug":"aire-acondicionado-premier-inverter-24000btu","status":"publish","type":"product","link":"https:\/\/tiendapl.com.ec\/index.php\/product\/aire-acondicionado-premier-inverter-24000btu\/","title":{"rendered":"Aire acondicionado Premier Inverter 24000BTU"},"content":{"rendered":"","protected":false},"excerpt":{"rendered":"<p>C\u00f3digo: AA-7338. Capacidad 24000BTU. Funci\u00f3n de Reinicio Autom\u00e1tico. Pantalla Oculta. Modo \u00abSleep\u00bb. Refrigerante R410a. Modo Turbo. Inverter AC.<\/p>\n","protected":false},"featured_media":13689,"template":"","meta":[],"product_cat":[65,15],"product_tag":[],"_links":{"self":[{"href":"https:\/\/tiendapl.com.ec\/index.php\/wp-json\/wp\/v2\/product\/13688"}],"collection":[{"href":"https:\/\/tiendapl.com.ec\/index.php\/wp-json\/wp\/v2\/product"}],"about":[{"href":"https:\/\/tiendapl.com.ec\/index.php\/wp-json\/wp\/v2\/types\/product"}],"version-history":[{"count":2,"href":"https:\/\/tiendapl.com.ec\/index.php\/wp-json\/wp\/v2\/product\/13688\/revisions"}],"predecessor-version":[{"id":14228,"href":"https:\/\/tiendapl.com.ec\/index.php\/wp-json\/wp\/v2\/product\/13688\/revisions\/14228"}],"wp:featuredmedia":[{"embeddable":true,"href":"https:\/\/tiendapl.com.ec\/index.php\/wp-json\/wp\/v2\/media\/13689"}],"wp:attachment":[{"href":"https:\/\/tiendapl.com.ec\/index.php\/wp-json\/wp\/v2\/media?parent=13688"}],"wp:term":[{"taxonomy":"product_cat","embeddable":true,"href":"https:\/\/tiendapl.com.ec\/index.php\/wp-json\/wp\/v2\/product_cat?post=13688"},{"taxonomy":"product_tag","embeddable":true,"href":"https:\/\/tiendapl.com.ec\/index.php\/wp-json\/wp\/v2\/product_tag?post=13688"}],"curies":[{"name":"wp","href":"https:\/\/api.w.org\/{rel}","templated":true}]}}