{"id":13717,"date":"2023-09-24T16:35:55","date_gmt":"2023-09-24T16:35:55","guid":{"rendered":"https:\/\/tiendapl.com.ec\/?post_type=product&#038;p=13717"},"modified":"2023-09-24T16:35:55","modified_gmt":"2023-09-24T16:35:55","slug":"secador-de-cabello-conair-245","status":"publish","type":"product","link":"https:\/\/tiendapl.com.ec\/index.php\/product\/secador-de-cabello-conair-245\/","title":{"rendered":"Secador de cabello CONAIR 245"},"content":{"rendered":"","protected":false},"excerpt":{"rendered":"<p>C\u00f3digo: 5p104CT. Secador de cabello ideal para viajes el tama\u00f1o es peque\u00f1o.<\/p>\n","protected":false},"featured_media":13718,"template":"","meta":[],"product_cat":[71],"product_tag":[172,173,175],"_links":{"self":[{"href":"https:\/\/tiendapl.com.ec\/index.php\/wp-json\/wp\/v2\/product\/13717"}],"collection":[{"href":"https:\/\/tiendapl.com.ec\/index.php\/wp-json\/wp\/v2\/product"}],"about":[{"href":"https:\/\/tiendapl.com.ec\/index.php\/wp-json\/wp\/v2\/types\/product"}],"version-history":[{"count":1,"href":"https:\/\/tiendapl.com.ec\/index.php\/wp-json\/wp\/v2\/product\/13717\/revisions"}],"predecessor-version":[{"id":13719,"href":"https:\/\/tiendapl.com.ec\/index.php\/wp-json\/wp\/v2\/product\/13717\/revisions\/13719"}],"wp:featuredmedia":[{"embeddable":true,"href":"https:\/\/tiendapl.com.ec\/index.php\/wp-json\/wp\/v2\/media\/13718"}],"wp:attachment":[{"href":"https:\/\/tiendapl.com.ec\/index.php\/wp-json\/wp\/v2\/media?parent=13717"}],"wp:term":[{"taxonomy":"product_cat","embeddable":true,"href":"https:\/\/tiendapl.com.ec\/index.php\/wp-json\/wp\/v2\/product_cat?post=13717"},{"taxonomy":"product_tag","embeddable":true,"href":"https:\/\/tiendapl.com.ec\/index.php\/wp-json\/wp\/v2\/product_tag?post=13717"}],"curies":[{"name":"wp","href":"https:\/\/api.w.org\/{rel}","templated":true}]}}