{"id":13784,"date":"2023-09-29T21:17:16","date_gmt":"2023-09-29T21:17:16","guid":{"rendered":"https:\/\/tiendapl.com.ec\/?post_type=product&#038;p=13784"},"modified":"2023-09-29T21:17:17","modified_gmt":"2023-09-29T21:17:17","slug":"taza-ceramica-muneco-de-nieve","status":"publish","type":"product","link":"https:\/\/tiendapl.com.ec\/index.php\/product\/taza-ceramica-muneco-de-nieve\/","title":{"rendered":"Taza cer\u00e1mica mu\u00f1eco de nieve"},"content":{"rendered":"","protected":false},"excerpt":{"rendered":"<p>C\u00f3digo: UY17402-1.<\/p>\n","protected":false},"featured_media":13785,"template":"","meta":[],"product_cat":[97,68],"product_tag":[],"_links":{"self":[{"href":"https:\/\/tiendapl.com.ec\/index.php\/wp-json\/wp\/v2\/product\/13784"}],"collection":[{"href":"https:\/\/tiendapl.com.ec\/index.php\/wp-json\/wp\/v2\/product"}],"about":[{"href":"https:\/\/tiendapl.com.ec\/index.php\/wp-json\/wp\/v2\/types\/product"}],"version-history":[{"count":1,"href":"https:\/\/tiendapl.com.ec\/index.php\/wp-json\/wp\/v2\/product\/13784\/revisions"}],"predecessor-version":[{"id":13786,"href":"https:\/\/tiendapl.com.ec\/index.php\/wp-json\/wp\/v2\/product\/13784\/revisions\/13786"}],"wp:featuredmedia":[{"embeddable":true,"href":"https:\/\/tiendapl.com.ec\/index.php\/wp-json\/wp\/v2\/media\/13785"}],"wp:attachment":[{"href":"https:\/\/tiendapl.com.ec\/index.php\/wp-json\/wp\/v2\/media?parent=13784"}],"wp:term":[{"taxonomy":"product_cat","embeddable":true,"href":"https:\/\/tiendapl.com.ec\/index.php\/wp-json\/wp\/v2\/product_cat?post=13784"},{"taxonomy":"product_tag","embeddable":true,"href":"https:\/\/tiendapl.com.ec\/index.php\/wp-json\/wp\/v2\/product_tag?post=13784"}],"curies":[{"name":"wp","href":"https:\/\/api.w.org\/{rel}","templated":true}]}}