{"id":13787,"date":"2023-09-29T21:23:24","date_gmt":"2023-09-29T21:23:24","guid":{"rendered":"https:\/\/tiendapl.com.ec\/?post_type=product&#038;p=13787"},"modified":"2023-09-29T21:23:24","modified_gmt":"2023-09-29T21:23:24","slug":"plato-ceramica-muneco-de-nieve","status":"publish","type":"product","link":"https:\/\/tiendapl.com.ec\/index.php\/product\/plato-ceramica-muneco-de-nieve\/","title":{"rendered":"Plato cer\u00e1mica mu\u00f1eco de nieve"},"content":{"rendered":"","protected":false},"excerpt":{"rendered":"<p>C\u00f3digo: S03884. Tama\u00f1o peque\u00f1o.<\/p>\n","protected":false},"featured_media":13788,"template":"","meta":[],"product_cat":[97,68],"product_tag":[],"_links":{"self":[{"href":"https:\/\/tiendapl.com.ec\/index.php\/wp-json\/wp\/v2\/product\/13787"}],"collection":[{"href":"https:\/\/tiendapl.com.ec\/index.php\/wp-json\/wp\/v2\/product"}],"about":[{"href":"https:\/\/tiendapl.com.ec\/index.php\/wp-json\/wp\/v2\/types\/product"}],"version-history":[{"count":1,"href":"https:\/\/tiendapl.com.ec\/index.php\/wp-json\/wp\/v2\/product\/13787\/revisions"}],"predecessor-version":[{"id":13789,"href":"https:\/\/tiendapl.com.ec\/index.php\/wp-json\/wp\/v2\/product\/13787\/revisions\/13789"}],"wp:featuredmedia":[{"embeddable":true,"href":"https:\/\/tiendapl.com.ec\/index.php\/wp-json\/wp\/v2\/media\/13788"}],"wp:attachment":[{"href":"https:\/\/tiendapl.com.ec\/index.php\/wp-json\/wp\/v2\/media?parent=13787"}],"wp:term":[{"taxonomy":"product_cat","embeddable":true,"href":"https:\/\/tiendapl.com.ec\/index.php\/wp-json\/wp\/v2\/product_cat?post=13787"},{"taxonomy":"product_tag","embeddable":true,"href":"https:\/\/tiendapl.com.ec\/index.php\/wp-json\/wp\/v2\/product_tag?post=13787"}],"curies":[{"name":"wp","href":"https:\/\/api.w.org\/{rel}","templated":true}]}}