{"id":13805,"date":"2023-09-30T14:55:53","date_gmt":"2023-09-30T14:55:53","guid":{"rendered":"https:\/\/tiendapl.com.ec\/?post_type=product&#038;p=13805"},"modified":"2023-09-30T14:55:54","modified_gmt":"2023-09-30T14:55:54","slug":"olla-presion-imusa","status":"publish","type":"product","link":"https:\/\/tiendapl.com.ec\/index.php\/product\/olla-presion-imusa\/","title":{"rendered":"Olla presi\u00f3n Imusa"},"content":{"rendered":"","protected":false},"excerpt":{"rendered":"<p>C\u00f3digo: 57IML0O. Cuenta con 3 sistemas de seguridad. Sistema Security Plus v\u00e1lvula controladora de presi\u00f3n y v\u00e1lvula de seguridad. Capacidad 6 litros. Material Aluminio pulido.<\/p>\n","protected":false},"featured_media":13806,"template":"","meta":[],"product_cat":[65,84],"product_tag":[],"_links":{"self":[{"href":"https:\/\/tiendapl.com.ec\/index.php\/wp-json\/wp\/v2\/product\/13805"}],"collection":[{"href":"https:\/\/tiendapl.com.ec\/index.php\/wp-json\/wp\/v2\/product"}],"about":[{"href":"https:\/\/tiendapl.com.ec\/index.php\/wp-json\/wp\/v2\/types\/product"}],"version-history":[{"count":1,"href":"https:\/\/tiendapl.com.ec\/index.php\/wp-json\/wp\/v2\/product\/13805\/revisions"}],"predecessor-version":[{"id":13807,"href":"https:\/\/tiendapl.com.ec\/index.php\/wp-json\/wp\/v2\/product\/13805\/revisions\/13807"}],"wp:featuredmedia":[{"embeddable":true,"href":"https:\/\/tiendapl.com.ec\/index.php\/wp-json\/wp\/v2\/media\/13806"}],"wp:attachment":[{"href":"https:\/\/tiendapl.com.ec\/index.php\/wp-json\/wp\/v2\/media?parent=13805"}],"wp:term":[{"taxonomy":"product_cat","embeddable":true,"href":"https:\/\/tiendapl.com.ec\/index.php\/wp-json\/wp\/v2\/product_cat?post=13805"},{"taxonomy":"product_tag","embeddable":true,"href":"https:\/\/tiendapl.com.ec\/index.php\/wp-json\/wp\/v2\/product_tag?post=13805"}],"curies":[{"name":"wp","href":"https:\/\/api.w.org\/{rel}","templated":true}]}}