{"id":14003,"date":"2023-10-22T16:46:53","date_gmt":"2023-10-22T16:46:53","guid":{"rendered":"https:\/\/tiendapl.com.ec\/?post_type=product&#038;p=14003"},"modified":"2025-05-30T22:30:44","modified_gmt":"2025-05-30T22:30:44","slug":"parlante-pixela-lumen-1","status":"publish","type":"product","link":"https:\/\/tiendapl.com.ec\/index.php\/product\/parlante-pixela-lumen-1\/","title":{"rendered":"Parlante Pixela Lumen 1"},"content":{"rendered":"","protected":false},"excerpt":{"rendered":"<p>C\u00f3digo: PIX-LUM1. Grande en sonido pero compacto en tama\u00f1o, es impresionante la claridad y nitidez que este moderno parlante port\u00e1til puede ofrecer. Adem\u00e1s, le ofrece un espect\u00e1culo de luces.<\/p>\n","protected":false},"featured_media":14004,"template":"","meta":[],"product_cat":[69,77],"product_tag":[],"_links":{"self":[{"href":"https:\/\/tiendapl.com.ec\/index.php\/wp-json\/wp\/v2\/product\/14003"}],"collection":[{"href":"https:\/\/tiendapl.com.ec\/index.php\/wp-json\/wp\/v2\/product"}],"about":[{"href":"https:\/\/tiendapl.com.ec\/index.php\/wp-json\/wp\/v2\/types\/product"}],"version-history":[{"count":1,"href":"https:\/\/tiendapl.com.ec\/index.php\/wp-json\/wp\/v2\/product\/14003\/revisions"}],"predecessor-version":[{"id":14005,"href":"https:\/\/tiendapl.com.ec\/index.php\/wp-json\/wp\/v2\/product\/14003\/revisions\/14005"}],"wp:featuredmedia":[{"embeddable":true,"href":"https:\/\/tiendapl.com.ec\/index.php\/wp-json\/wp\/v2\/media\/14004"}],"wp:attachment":[{"href":"https:\/\/tiendapl.com.ec\/index.php\/wp-json\/wp\/v2\/media?parent=14003"}],"wp:term":[{"taxonomy":"product_cat","embeddable":true,"href":"https:\/\/tiendapl.com.ec\/index.php\/wp-json\/wp\/v2\/product_cat?post=14003"},{"taxonomy":"product_tag","embeddable":true,"href":"https:\/\/tiendapl.com.ec\/index.php\/wp-json\/wp\/v2\/product_tag?post=14003"}],"curies":[{"name":"wp","href":"https:\/\/api.w.org\/{rel}","templated":true}]}}