{"id":14111,"date":"2023-11-04T19:19:55","date_gmt":"2023-11-04T19:19:55","guid":{"rendered":"https:\/\/tiendapl.com.ec\/?post_type=product&#038;p=14111"},"modified":"2025-04-22T17:29:27","modified_gmt":"2025-04-22T17:29:27","slug":"afeitadora","status":"publish","type":"product","link":"https:\/\/tiendapl.com.ec\/index.php\/product\/afeitadora\/","title":{"rendered":"Afeitadora dise\u00f1o drag\u00f3n"},"content":{"rendered":"","protected":false},"excerpt":{"rendered":"<p>C\u00f3digo: PL-718.<\/p>\n","protected":false},"featured_media":14112,"template":"","meta":[],"product_cat":[71],"product_tag":[],"_links":{"self":[{"href":"https:\/\/tiendapl.com.ec\/index.php\/wp-json\/wp\/v2\/product\/14111"}],"collection":[{"href":"https:\/\/tiendapl.com.ec\/index.php\/wp-json\/wp\/v2\/product"}],"about":[{"href":"https:\/\/tiendapl.com.ec\/index.php\/wp-json\/wp\/v2\/types\/product"}],"version-history":[{"count":2,"href":"https:\/\/tiendapl.com.ec\/index.php\/wp-json\/wp\/v2\/product\/14111\/revisions"}],"predecessor-version":[{"id":16278,"href":"https:\/\/tiendapl.com.ec\/index.php\/wp-json\/wp\/v2\/product\/14111\/revisions\/16278"}],"wp:featuredmedia":[{"embeddable":true,"href":"https:\/\/tiendapl.com.ec\/index.php\/wp-json\/wp\/v2\/media\/14112"}],"wp:attachment":[{"href":"https:\/\/tiendapl.com.ec\/index.php\/wp-json\/wp\/v2\/media?parent=14111"}],"wp:term":[{"taxonomy":"product_cat","embeddable":true,"href":"https:\/\/tiendapl.com.ec\/index.php\/wp-json\/wp\/v2\/product_cat?post=14111"},{"taxonomy":"product_tag","embeddable":true,"href":"https:\/\/tiendapl.com.ec\/index.php\/wp-json\/wp\/v2\/product_tag?post=14111"}],"curies":[{"name":"wp","href":"https:\/\/api.w.org\/{rel}","templated":true}]}}