{"id":14214,"date":"2023-12-18T18:05:18","date_gmt":"2023-12-18T18:05:18","guid":{"rendered":"https:\/\/tiendapl.com.ec\/?post_type=product&#038;p=14214"},"modified":"2024-01-06T00:21:33","modified_gmt":"2024-01-06T00:21:33","slug":"mini-lavadora-plegable","status":"publish","type":"product","link":"https:\/\/tiendapl.com.ec\/index.php\/product\/mini-lavadora-plegable\/","title":{"rendered":"Mini lavadora plegable"},"content":{"rendered":"","protected":false},"excerpt":{"rendered":"<p>Esta mini lavadora proporciona un fregado completo, velocidad de lavado precisa para lograr un fuerte efecto de descontaminaci\u00f3n, es muy adecuado para lavar ropa peque\u00f1a como ropa de beb\u00e9, ropa interior o calcetines.<\/p>\n","protected":false},"featured_media":14215,"template":"","meta":[],"product_cat":[65,74],"product_tag":[],"_links":{"self":[{"href":"https:\/\/tiendapl.com.ec\/index.php\/wp-json\/wp\/v2\/product\/14214"}],"collection":[{"href":"https:\/\/tiendapl.com.ec\/index.php\/wp-json\/wp\/v2\/product"}],"about":[{"href":"https:\/\/tiendapl.com.ec\/index.php\/wp-json\/wp\/v2\/types\/product"}],"version-history":[{"count":1,"href":"https:\/\/tiendapl.com.ec\/index.php\/wp-json\/wp\/v2\/product\/14214\/revisions"}],"predecessor-version":[{"id":14216,"href":"https:\/\/tiendapl.com.ec\/index.php\/wp-json\/wp\/v2\/product\/14214\/revisions\/14216"}],"wp:featuredmedia":[{"embeddable":true,"href":"https:\/\/tiendapl.com.ec\/index.php\/wp-json\/wp\/v2\/media\/14215"}],"wp:attachment":[{"href":"https:\/\/tiendapl.com.ec\/index.php\/wp-json\/wp\/v2\/media?parent=14214"}],"wp:term":[{"taxonomy":"product_cat","embeddable":true,"href":"https:\/\/tiendapl.com.ec\/index.php\/wp-json\/wp\/v2\/product_cat?post=14214"},{"taxonomy":"product_tag","embeddable":true,"href":"https:\/\/tiendapl.com.ec\/index.php\/wp-json\/wp\/v2\/product_tag?post=14214"}],"curies":[{"name":"wp","href":"https:\/\/api.w.org\/{rel}","templated":true}]}}