{"id":14312,"date":"2024-05-07T20:17:17","date_gmt":"2024-05-07T20:17:17","guid":{"rendered":"https:\/\/tiendapl.com.ec\/?post_type=product&#038;p=14312"},"modified":"2024-05-11T17:15:47","modified_gmt":"2024-05-11T17:15:47","slug":"congelador-vertical-home-co-bd240","status":"publish","type":"product","link":"https:\/\/tiendapl.com.ec\/index.php\/product\/congelador-vertical-home-co-bd240\/","title":{"rendered":"Congelador vertical Home &amp;Co. BD240"},"content":{"rendered":"","protected":false},"excerpt":{"rendered":"<p>C\u00f3digo: 10115609. Capacidad Neta: 234 L Color: Silver.\u00a0 Frecuencia Nominal: 115V\/60Hz. Funci\u00f3n de s\u00faper Congelaci\u00f3n.<\/p>\n","protected":false},"featured_media":14313,"template":"","meta":[],"product_cat":[65,73],"product_tag":[217,218],"_links":{"self":[{"href":"https:\/\/tiendapl.com.ec\/index.php\/wp-json\/wp\/v2\/product\/14312"}],"collection":[{"href":"https:\/\/tiendapl.com.ec\/index.php\/wp-json\/wp\/v2\/product"}],"about":[{"href":"https:\/\/tiendapl.com.ec\/index.php\/wp-json\/wp\/v2\/types\/product"}],"version-history":[{"count":1,"href":"https:\/\/tiendapl.com.ec\/index.php\/wp-json\/wp\/v2\/product\/14312\/revisions"}],"predecessor-version":[{"id":14314,"href":"https:\/\/tiendapl.com.ec\/index.php\/wp-json\/wp\/v2\/product\/14312\/revisions\/14314"}],"wp:featuredmedia":[{"embeddable":true,"href":"https:\/\/tiendapl.com.ec\/index.php\/wp-json\/wp\/v2\/media\/14313"}],"wp:attachment":[{"href":"https:\/\/tiendapl.com.ec\/index.php\/wp-json\/wp\/v2\/media?parent=14312"}],"wp:term":[{"taxonomy":"product_cat","embeddable":true,"href":"https:\/\/tiendapl.com.ec\/index.php\/wp-json\/wp\/v2\/product_cat?post=14312"},{"taxonomy":"product_tag","embeddable":true,"href":"https:\/\/tiendapl.com.ec\/index.php\/wp-json\/wp\/v2\/product_tag?post=14312"}],"curies":[{"name":"wp","href":"https:\/\/api.w.org\/{rel}","templated":true}]}}