{"id":14350,"date":"2024-05-10T17:17:30","date_gmt":"2024-05-10T17:17:30","guid":{"rendered":"https:\/\/tiendapl.com.ec\/?post_type=product&#038;p=14350"},"modified":"2024-07-25T20:28:11","modified_gmt":"2024-07-25T20:28:11","slug":"arrocera-proctor-silex-37533y","status":"publish","type":"product","link":"https:\/\/tiendapl.com.ec\/index.php\/product\/arrocera-proctor-silex-37533y\/","title":{"rendered":"Olla Arrocera Proctor Silex 37533Y"},"content":{"rendered":"","protected":false},"excerpt":{"rendered":"<p>C\u00f3digo: 5H00031. Capacidad 10 tazas. Cocci\u00f3n autom\u00e1tica y luego mantiene caliente. Taz\u00f3n antiadherente. Tapa de vidrio templado transparente. Canasta para cocinar al vapor. Luces indicadoras.<\/p>\n","protected":false},"featured_media":14351,"template":"","meta":[],"product_cat":[65,84],"product_tag":[183,188],"_links":{"self":[{"href":"https:\/\/tiendapl.com.ec\/index.php\/wp-json\/wp\/v2\/product\/14350"}],"collection":[{"href":"https:\/\/tiendapl.com.ec\/index.php\/wp-json\/wp\/v2\/product"}],"about":[{"href":"https:\/\/tiendapl.com.ec\/index.php\/wp-json\/wp\/v2\/types\/product"}],"version-history":[{"count":2,"href":"https:\/\/tiendapl.com.ec\/index.php\/wp-json\/wp\/v2\/product\/14350\/revisions"}],"predecessor-version":[{"id":15670,"href":"https:\/\/tiendapl.com.ec\/index.php\/wp-json\/wp\/v2\/product\/14350\/revisions\/15670"}],"wp:featuredmedia":[{"embeddable":true,"href":"https:\/\/tiendapl.com.ec\/index.php\/wp-json\/wp\/v2\/media\/14351"}],"wp:attachment":[{"href":"https:\/\/tiendapl.com.ec\/index.php\/wp-json\/wp\/v2\/media?parent=14350"}],"wp:term":[{"taxonomy":"product_cat","embeddable":true,"href":"https:\/\/tiendapl.com.ec\/index.php\/wp-json\/wp\/v2\/product_cat?post=14350"},{"taxonomy":"product_tag","embeddable":true,"href":"https:\/\/tiendapl.com.ec\/index.php\/wp-json\/wp\/v2\/product_tag?post=14350"}],"curies":[{"name":"wp","href":"https:\/\/api.w.org\/{rel}","templated":true}]}}