{"id":14353,"date":"2024-05-10T18:31:14","date_gmt":"2024-05-10T18:31:14","guid":{"rendered":"https:\/\/tiendapl.com.ec\/?post_type=product&#038;p=14353"},"modified":"2025-04-18T18:33:33","modified_gmt":"2025-04-18T18:33:33","slug":"tetera-electrica-hamilton-beach-1-7l","status":"publish","type":"product","link":"https:\/\/tiendapl.com.ec\/index.php\/product\/tetera-electrica-hamilton-beach-1-7l\/","title":{"rendered":"Tetera El\u00e9ctrica Hamilton Beach 1.7L"},"content":{"rendered":"","protected":false},"excerpt":{"rendered":"<p>C\u00f3digo: 5H0004J. Capacidad 1.7 litros. Con 1500 vatios, este hervidor el\u00e9ctrico puede hervir agua m\u00e1s r\u00e1pido que un microondas y es m\u00e1s seguro de usar que un hervidor de agua para estufa porque se apaga autom\u00e1ticamente cuando el agua hierve.<\/p>\n","protected":false},"featured_media":14354,"template":"","meta":[],"product_cat":[102,65],"product_tag":[132,190,189],"_links":{"self":[{"href":"https:\/\/tiendapl.com.ec\/index.php\/wp-json\/wp\/v2\/product\/14353"}],"collection":[{"href":"https:\/\/tiendapl.com.ec\/index.php\/wp-json\/wp\/v2\/product"}],"about":[{"href":"https:\/\/tiendapl.com.ec\/index.php\/wp-json\/wp\/v2\/types\/product"}],"version-history":[{"count":1,"href":"https:\/\/tiendapl.com.ec\/index.php\/wp-json\/wp\/v2\/product\/14353\/revisions"}],"predecessor-version":[{"id":14355,"href":"https:\/\/tiendapl.com.ec\/index.php\/wp-json\/wp\/v2\/product\/14353\/revisions\/14355"}],"wp:featuredmedia":[{"embeddable":true,"href":"https:\/\/tiendapl.com.ec\/index.php\/wp-json\/wp\/v2\/media\/14354"}],"wp:attachment":[{"href":"https:\/\/tiendapl.com.ec\/index.php\/wp-json\/wp\/v2\/media?parent=14353"}],"wp:term":[{"taxonomy":"product_cat","embeddable":true,"href":"https:\/\/tiendapl.com.ec\/index.php\/wp-json\/wp\/v2\/product_cat?post=14353"},{"taxonomy":"product_tag","embeddable":true,"href":"https:\/\/tiendapl.com.ec\/index.php\/wp-json\/wp\/v2\/product_tag?post=14353"}],"curies":[{"name":"wp","href":"https:\/\/api.w.org\/{rel}","templated":true}]}}