{"id":14404,"date":"2024-05-15T20:20:47","date_gmt":"2024-05-15T20:20:47","guid":{"rendered":"https:\/\/tiendapl.com.ec\/?post_type=product&#038;p=14404"},"modified":"2024-07-18T22:51:49","modified_gmt":"2024-07-18T22:51:49","slug":"trapeador-spin-mop-rectangular","status":"publish","type":"product","link":"https:\/\/tiendapl.com.ec\/index.php\/product\/trapeador-spin-mop-rectangular\/","title":{"rendered":"Trapeador Spin Mop Rectangular"},"content":{"rendered":"","protected":false},"excerpt":{"rendered":"<p>C\u00f3digo: 17120-110. Sistema de limpieza de suelos: con un sistema de separaci\u00f3n de agua sucia, puedes ver claramente el agua sucia y el agua limpia despu\u00e9s de la separaci\u00f3n.<\/p>\n","protected":false},"featured_media":14405,"template":"","meta":[],"product_cat":[71],"product_tag":[224,223],"_links":{"self":[{"href":"https:\/\/tiendapl.com.ec\/index.php\/wp-json\/wp\/v2\/product\/14404"}],"collection":[{"href":"https:\/\/tiendapl.com.ec\/index.php\/wp-json\/wp\/v2\/product"}],"about":[{"href":"https:\/\/tiendapl.com.ec\/index.php\/wp-json\/wp\/v2\/types\/product"}],"version-history":[{"count":2,"href":"https:\/\/tiendapl.com.ec\/index.php\/wp-json\/wp\/v2\/product\/14404\/revisions"}],"predecessor-version":[{"id":14407,"href":"https:\/\/tiendapl.com.ec\/index.php\/wp-json\/wp\/v2\/product\/14404\/revisions\/14407"}],"wp:featuredmedia":[{"embeddable":true,"href":"https:\/\/tiendapl.com.ec\/index.php\/wp-json\/wp\/v2\/media\/14405"}],"wp:attachment":[{"href":"https:\/\/tiendapl.com.ec\/index.php\/wp-json\/wp\/v2\/media?parent=14404"}],"wp:term":[{"taxonomy":"product_cat","embeddable":true,"href":"https:\/\/tiendapl.com.ec\/index.php\/wp-json\/wp\/v2\/product_cat?post=14404"},{"taxonomy":"product_tag","embeddable":true,"href":"https:\/\/tiendapl.com.ec\/index.php\/wp-json\/wp\/v2\/product_tag?post=14404"}],"curies":[{"name":"wp","href":"https:\/\/api.w.org\/{rel}","templated":true}]}}