{"id":14490,"date":"2024-05-17T17:09:25","date_gmt":"2024-05-17T17:09:25","guid":{"rendered":"https:\/\/tiendapl.com.ec\/?post_type=product&#038;p=14490"},"modified":"2024-05-17T17:09:25","modified_gmt":"2024-05-17T17:09:25","slug":"set-muneca-castillo-magico-oc0360861","status":"publish","type":"product","link":"https:\/\/tiendapl.com.ec\/index.php\/product\/set-muneca-castillo-magico-oc0360861\/","title":{"rendered":"Set Mu\u00f1eca Castillo M\u00e1gico OC0360861"},"content":{"rendered":"","protected":false},"excerpt":{"rendered":"<p>C\u00f3digo: 5JCOFV7.<\/p>\n","protected":false},"featured_media":14491,"template":"","meta":[],"product_cat":[67],"product_tag":[],"_links":{"self":[{"href":"https:\/\/tiendapl.com.ec\/index.php\/wp-json\/wp\/v2\/product\/14490"}],"collection":[{"href":"https:\/\/tiendapl.com.ec\/index.php\/wp-json\/wp\/v2\/product"}],"about":[{"href":"https:\/\/tiendapl.com.ec\/index.php\/wp-json\/wp\/v2\/types\/product"}],"version-history":[{"count":1,"href":"https:\/\/tiendapl.com.ec\/index.php\/wp-json\/wp\/v2\/product\/14490\/revisions"}],"predecessor-version":[{"id":14492,"href":"https:\/\/tiendapl.com.ec\/index.php\/wp-json\/wp\/v2\/product\/14490\/revisions\/14492"}],"wp:featuredmedia":[{"embeddable":true,"href":"https:\/\/tiendapl.com.ec\/index.php\/wp-json\/wp\/v2\/media\/14491"}],"wp:attachment":[{"href":"https:\/\/tiendapl.com.ec\/index.php\/wp-json\/wp\/v2\/media?parent=14490"}],"wp:term":[{"taxonomy":"product_cat","embeddable":true,"href":"https:\/\/tiendapl.com.ec\/index.php\/wp-json\/wp\/v2\/product_cat?post=14490"},{"taxonomy":"product_tag","embeddable":true,"href":"https:\/\/tiendapl.com.ec\/index.php\/wp-json\/wp\/v2\/product_tag?post=14490"}],"curies":[{"name":"wp","href":"https:\/\/api.w.org\/{rel}","templated":true}]}}