{"id":14550,"date":"2024-05-18T16:32:14","date_gmt":"2024-05-18T16:32:14","guid":{"rendered":"https:\/\/tiendapl.com.ec\/?post_type=product&#038;p=14550"},"modified":"2024-05-18T16:34:05","modified_gmt":"2024-05-18T16:34:05","slug":"alfombra-de-poliester-home-living-c006-160-x-200","status":"publish","type":"product","link":"https:\/\/tiendapl.com.ec\/index.php\/product\/alfombra-de-poliester-home-living-c006-160-x-200\/","title":{"rendered":"Alfombra de poli\u00e9ster Home Living C006"},"content":{"rendered":"","protected":false},"excerpt":{"rendered":"<p>C\u00f3digo: 10093554. Modelo: C006. Tama\u00f1o: 160 X 200 cm.<\/p>\n","protected":false},"featured_media":14552,"template":"","meta":[],"product_cat":[86,68],"product_tag":[289,89],"_links":{"self":[{"href":"https:\/\/tiendapl.com.ec\/index.php\/wp-json\/wp\/v2\/product\/14550"}],"collection":[{"href":"https:\/\/tiendapl.com.ec\/index.php\/wp-json\/wp\/v2\/product"}],"about":[{"href":"https:\/\/tiendapl.com.ec\/index.php\/wp-json\/wp\/v2\/types\/product"}],"version-history":[{"count":3,"href":"https:\/\/tiendapl.com.ec\/index.php\/wp-json\/wp\/v2\/product\/14550\/revisions"}],"predecessor-version":[{"id":14554,"href":"https:\/\/tiendapl.com.ec\/index.php\/wp-json\/wp\/v2\/product\/14550\/revisions\/14554"}],"wp:featuredmedia":[{"embeddable":true,"href":"https:\/\/tiendapl.com.ec\/index.php\/wp-json\/wp\/v2\/media\/14552"}],"wp:attachment":[{"href":"https:\/\/tiendapl.com.ec\/index.php\/wp-json\/wp\/v2\/media?parent=14550"}],"wp:term":[{"taxonomy":"product_cat","embeddable":true,"href":"https:\/\/tiendapl.com.ec\/index.php\/wp-json\/wp\/v2\/product_cat?post=14550"},{"taxonomy":"product_tag","embeddable":true,"href":"https:\/\/tiendapl.com.ec\/index.php\/wp-json\/wp\/v2\/product_tag?post=14550"}],"curies":[{"name":"wp","href":"https:\/\/api.w.org\/{rel}","templated":true}]}}