{"id":14589,"date":"2024-05-18T23:17:48","date_gmt":"2024-05-18T23:17:48","guid":{"rendered":"https:\/\/tiendapl.com.ec\/?post_type=product&#038;p=14589"},"modified":"2024-05-18T23:17:48","modified_gmt":"2024-05-18T23:17:48","slug":"licuadora-hamilton-beach-56207","status":"publish","type":"product","link":"https:\/\/tiendapl.com.ec\/index.php\/product\/licuadora-hamilton-beach-56207\/","title":{"rendered":"Licuadora Hamilton Beach 56207"},"content":{"rendered":"","protected":false},"excerpt":{"rendered":"<p>C\u00f3digo: 5H00110.<\/p>\n<table class=\"group Ficha-Tecnica table table-striped\" cellspacing=\"0\">\n<tbody>\n<tr>\n<th class=\"name-field Garantia\">Color<\/th>\n<td class=\"value-field Garantia\">Negro<\/td>\n<\/tr>\n<tr>\n<th class=\"name-field Color\">Funciones<\/th>\n<td class=\"value-field Color\">Pulso, trituraci\u00f3n de hielo, pur\u00e9, batido autom\u00e1tico y limpieza<\/td>\n<\/tr>\n<tr>\n<th class=\"name-field Tipo-de-panel\">Potencia m\u00e1xima<\/th>\n<td class=\"value-field Tipo-de-panel\">700W<\/td>\n<\/tr>\n<tr>\n<th class=\"name-field Tipo-de-panel\">Vaso<\/th>\n<td class=\"value-field Tipo-de-panel\">40 Oz \/ 1.18 litros<br \/>\nVidrio<\/td>\n<\/tr>\n<\/tbody>\n<\/table>\n","protected":false},"featured_media":14590,"template":"","meta":[],"product_cat":[65,82],"product_tag":[132,128],"_links":{"self":[{"href":"https:\/\/tiendapl.com.ec\/index.php\/wp-json\/wp\/v2\/product\/14589"}],"collection":[{"href":"https:\/\/tiendapl.com.ec\/index.php\/wp-json\/wp\/v2\/product"}],"about":[{"href":"https:\/\/tiendapl.com.ec\/index.php\/wp-json\/wp\/v2\/types\/product"}],"version-history":[{"count":1,"href":"https:\/\/tiendapl.com.ec\/index.php\/wp-json\/wp\/v2\/product\/14589\/revisions"}],"predecessor-version":[{"id":14591,"href":"https:\/\/tiendapl.com.ec\/index.php\/wp-json\/wp\/v2\/product\/14589\/revisions\/14591"}],"wp:featuredmedia":[{"embeddable":true,"href":"https:\/\/tiendapl.com.ec\/index.php\/wp-json\/wp\/v2\/media\/14590"}],"wp:attachment":[{"href":"https:\/\/tiendapl.com.ec\/index.php\/wp-json\/wp\/v2\/media?parent=14589"}],"wp:term":[{"taxonomy":"product_cat","embeddable":true,"href":"https:\/\/tiendapl.com.ec\/index.php\/wp-json\/wp\/v2\/product_cat?post=14589"},{"taxonomy":"product_tag","embeddable":true,"href":"https:\/\/tiendapl.com.ec\/index.php\/wp-json\/wp\/v2\/product_tag?post=14589"}],"curies":[{"name":"wp","href":"https:\/\/api.w.org\/{rel}","templated":true}]}}