{"id":14617,"date":"2024-05-20T20:12:55","date_gmt":"2024-05-20T20:12:55","guid":{"rendered":"https:\/\/tiendapl.com.ec\/?post_type=product&#038;p=14617"},"modified":"2024-05-20T20:12:56","modified_gmt":"2024-05-20T20:12:56","slug":"forro-de-colchon-west-point-2-plazas","status":"publish","type":"product","link":"https:\/\/tiendapl.com.ec\/index.php\/product\/forro-de-colchon-west-point-2-plazas\/","title":{"rendered":"Forro de colch\u00f3n West Point 2 plazas"},"content":{"rendered":"","protected":false},"excerpt":{"rendered":"<p>C\u00f3digo: 2SPC018. Para colch\u00f3n de 2 plazas. Diferentes colores disponible.<\/p>\n","protected":false},"featured_media":14615,"template":"","meta":[],"product_cat":[87,68],"product_tag":[],"_links":{"self":[{"href":"https:\/\/tiendapl.com.ec\/index.php\/wp-json\/wp\/v2\/product\/14617"}],"collection":[{"href":"https:\/\/tiendapl.com.ec\/index.php\/wp-json\/wp\/v2\/product"}],"about":[{"href":"https:\/\/tiendapl.com.ec\/index.php\/wp-json\/wp\/v2\/types\/product"}],"version-history":[{"count":2,"href":"https:\/\/tiendapl.com.ec\/index.php\/wp-json\/wp\/v2\/product\/14617\/revisions"}],"predecessor-version":[{"id":14619,"href":"https:\/\/tiendapl.com.ec\/index.php\/wp-json\/wp\/v2\/product\/14617\/revisions\/14619"}],"wp:featuredmedia":[{"embeddable":true,"href":"https:\/\/tiendapl.com.ec\/index.php\/wp-json\/wp\/v2\/media\/14615"}],"wp:attachment":[{"href":"https:\/\/tiendapl.com.ec\/index.php\/wp-json\/wp\/v2\/media?parent=14617"}],"wp:term":[{"taxonomy":"product_cat","embeddable":true,"href":"https:\/\/tiendapl.com.ec\/index.php\/wp-json\/wp\/v2\/product_cat?post=14617"},{"taxonomy":"product_tag","embeddable":true,"href":"https:\/\/tiendapl.com.ec\/index.php\/wp-json\/wp\/v2\/product_tag?post=14617"}],"curies":[{"name":"wp","href":"https:\/\/api.w.org\/{rel}","templated":true}]}}