{"id":14763,"date":"2024-05-30T19:10:28","date_gmt":"2024-05-30T19:10:28","guid":{"rendered":"https:\/\/tiendapl.com.ec\/?post_type=product&#038;p=14763"},"modified":"2024-05-30T19:10:28","modified_gmt":"2024-05-30T19:10:28","slug":"ventilador-rca-3-en-1","status":"publish","type":"product","link":"https:\/\/tiendapl.com.ec\/index.php\/product\/ventilador-rca-3-en-1\/","title":{"rendered":"Ventilador RCA 3 en 1"},"content":{"rendered":"","protected":false},"excerpt":{"rendered":"<p>C\u00f3digo: 5VENT02. \u00a03 niveles de velocidad. \u00a0Oscilaci\u00f3n de 90 grados. Altura ajustable. Interruptor de oscilaci\u00f3n. Di\u00e1metro de 18 pulgadas. 5 aspas pl\u00e1sticas.<\/p>\n","protected":false},"featured_media":14764,"template":"","meta":[],"product_cat":[155,65],"product_tag":[96,214],"_links":{"self":[{"href":"https:\/\/tiendapl.com.ec\/index.php\/wp-json\/wp\/v2\/product\/14763"}],"collection":[{"href":"https:\/\/tiendapl.com.ec\/index.php\/wp-json\/wp\/v2\/product"}],"about":[{"href":"https:\/\/tiendapl.com.ec\/index.php\/wp-json\/wp\/v2\/types\/product"}],"version-history":[{"count":2,"href":"https:\/\/tiendapl.com.ec\/index.php\/wp-json\/wp\/v2\/product\/14763\/revisions"}],"predecessor-version":[{"id":14766,"href":"https:\/\/tiendapl.com.ec\/index.php\/wp-json\/wp\/v2\/product\/14763\/revisions\/14766"}],"wp:featuredmedia":[{"embeddable":true,"href":"https:\/\/tiendapl.com.ec\/index.php\/wp-json\/wp\/v2\/media\/14764"}],"wp:attachment":[{"href":"https:\/\/tiendapl.com.ec\/index.php\/wp-json\/wp\/v2\/media?parent=14763"}],"wp:term":[{"taxonomy":"product_cat","embeddable":true,"href":"https:\/\/tiendapl.com.ec\/index.php\/wp-json\/wp\/v2\/product_cat?post=14763"},{"taxonomy":"product_tag","embeddable":true,"href":"https:\/\/tiendapl.com.ec\/index.php\/wp-json\/wp\/v2\/product_tag?post=14763"}],"curies":[{"name":"wp","href":"https:\/\/api.w.org\/{rel}","templated":true}]}}