{"id":14865,"date":"2024-05-31T20:35:42","date_gmt":"2024-05-31T20:35:42","guid":{"rendered":"https:\/\/tiendapl.com.ec\/?post_type=product&#038;p=14865"},"modified":"2024-05-31T20:35:42","modified_gmt":"2024-05-31T20:35:42","slug":"led-luz-de-musica-my-14","status":"publish","type":"product","link":"https:\/\/tiendapl.com.ec\/index.php\/product\/led-luz-de-musica-my-14\/","title":{"rendered":"Led luz de m\u00fasica MY-14"},"content":{"rendered":"","protected":false},"excerpt":{"rendered":"<p>C\u00f3digo: PL-322. Luz de ritmo de recogida activada por voz RGB, indicador de nivel de m\u00fasica de 32 bits.<\/p>\n","protected":false},"featured_media":14866,"template":"","meta":[],"product_cat":[86,68],"product_tag":[],"_links":{"self":[{"href":"https:\/\/tiendapl.com.ec\/index.php\/wp-json\/wp\/v2\/product\/14865"}],"collection":[{"href":"https:\/\/tiendapl.com.ec\/index.php\/wp-json\/wp\/v2\/product"}],"about":[{"href":"https:\/\/tiendapl.com.ec\/index.php\/wp-json\/wp\/v2\/types\/product"}],"version-history":[{"count":1,"href":"https:\/\/tiendapl.com.ec\/index.php\/wp-json\/wp\/v2\/product\/14865\/revisions"}],"predecessor-version":[{"id":14867,"href":"https:\/\/tiendapl.com.ec\/index.php\/wp-json\/wp\/v2\/product\/14865\/revisions\/14867"}],"wp:featuredmedia":[{"embeddable":true,"href":"https:\/\/tiendapl.com.ec\/index.php\/wp-json\/wp\/v2\/media\/14866"}],"wp:attachment":[{"href":"https:\/\/tiendapl.com.ec\/index.php\/wp-json\/wp\/v2\/media?parent=14865"}],"wp:term":[{"taxonomy":"product_cat","embeddable":true,"href":"https:\/\/tiendapl.com.ec\/index.php\/wp-json\/wp\/v2\/product_cat?post=14865"},{"taxonomy":"product_tag","embeddable":true,"href":"https:\/\/tiendapl.com.ec\/index.php\/wp-json\/wp\/v2\/product_tag?post=14865"}],"curies":[{"name":"wp","href":"https:\/\/api.w.org\/{rel}","templated":true}]}}