{"id":14939,"date":"2024-06-03T21:17:03","date_gmt":"2024-06-03T21:17:03","guid":{"rendered":"https:\/\/tiendapl.com.ec\/?post_type=product&#038;p=14939"},"modified":"2024-06-03T21:17:03","modified_gmt":"2024-06-03T21:17:03","slug":"cubo-infinito","status":"publish","type":"product","link":"https:\/\/tiendapl.com.ec\/index.php\/product\/cubo-infinito\/","title":{"rendered":"Cubo Infinito"},"content":{"rendered":"","protected":false},"excerpt":{"rendered":"<p>C\u00f3digo: PL-780. Sirve para aliviar la ansiedad y el estr\u00e9s, tama\u00f1o de bolsillo, regalo divertido y aditivo para adultos y ni\u00f1os mayores de 6 a\u00f1os.<\/p>\n","protected":false},"featured_media":14940,"template":"","meta":[],"product_cat":[67],"product_tag":[],"_links":{"self":[{"href":"https:\/\/tiendapl.com.ec\/index.php\/wp-json\/wp\/v2\/product\/14939"}],"collection":[{"href":"https:\/\/tiendapl.com.ec\/index.php\/wp-json\/wp\/v2\/product"}],"about":[{"href":"https:\/\/tiendapl.com.ec\/index.php\/wp-json\/wp\/v2\/types\/product"}],"version-history":[{"count":1,"href":"https:\/\/tiendapl.com.ec\/index.php\/wp-json\/wp\/v2\/product\/14939\/revisions"}],"predecessor-version":[{"id":14941,"href":"https:\/\/tiendapl.com.ec\/index.php\/wp-json\/wp\/v2\/product\/14939\/revisions\/14941"}],"wp:featuredmedia":[{"embeddable":true,"href":"https:\/\/tiendapl.com.ec\/index.php\/wp-json\/wp\/v2\/media\/14940"}],"wp:attachment":[{"href":"https:\/\/tiendapl.com.ec\/index.php\/wp-json\/wp\/v2\/media?parent=14939"}],"wp:term":[{"taxonomy":"product_cat","embeddable":true,"href":"https:\/\/tiendapl.com.ec\/index.php\/wp-json\/wp\/v2\/product_cat?post=14939"},{"taxonomy":"product_tag","embeddable":true,"href":"https:\/\/tiendapl.com.ec\/index.php\/wp-json\/wp\/v2\/product_tag?post=14939"}],"curies":[{"name":"wp","href":"https:\/\/api.w.org\/{rel}","templated":true}]}}