{"id":14974,"date":"2024-06-04T18:58:02","date_gmt":"2024-06-04T18:58:02","guid":{"rendered":"https:\/\/tiendapl.com.ec\/?post_type=product&#038;p=14974"},"modified":"2024-06-04T18:58:03","modified_gmt":"2024-06-04T18:58:03","slug":"ambientador-de-carro-violin","status":"publish","type":"product","link":"https:\/\/tiendapl.com.ec\/index.php\/product\/ambientador-de-carro-violin\/","title":{"rendered":"Ambientador de carro viol\u00edn"},"content":{"rendered":"","protected":false},"excerpt":{"rendered":"<p>C\u00f3digo: YGY-0965. Funciona con energ\u00eda solar: impulsada por la luz solar y la energ\u00eda solar, esta aromaterapia para coche gira cuando se expone a la luz.<\/p>\n","protected":false},"featured_media":14975,"template":"","meta":[],"product_cat":[98],"product_tag":[381,380],"_links":{"self":[{"href":"https:\/\/tiendapl.com.ec\/index.php\/wp-json\/wp\/v2\/product\/14974"}],"collection":[{"href":"https:\/\/tiendapl.com.ec\/index.php\/wp-json\/wp\/v2\/product"}],"about":[{"href":"https:\/\/tiendapl.com.ec\/index.php\/wp-json\/wp\/v2\/types\/product"}],"version-history":[{"count":1,"href":"https:\/\/tiendapl.com.ec\/index.php\/wp-json\/wp\/v2\/product\/14974\/revisions"}],"predecessor-version":[{"id":14976,"href":"https:\/\/tiendapl.com.ec\/index.php\/wp-json\/wp\/v2\/product\/14974\/revisions\/14976"}],"wp:featuredmedia":[{"embeddable":true,"href":"https:\/\/tiendapl.com.ec\/index.php\/wp-json\/wp\/v2\/media\/14975"}],"wp:attachment":[{"href":"https:\/\/tiendapl.com.ec\/index.php\/wp-json\/wp\/v2\/media?parent=14974"}],"wp:term":[{"taxonomy":"product_cat","embeddable":true,"href":"https:\/\/tiendapl.com.ec\/index.php\/wp-json\/wp\/v2\/product_cat?post=14974"},{"taxonomy":"product_tag","embeddable":true,"href":"https:\/\/tiendapl.com.ec\/index.php\/wp-json\/wp\/v2\/product_tag?post=14974"}],"curies":[{"name":"wp","href":"https:\/\/api.w.org\/{rel}","templated":true}]}}