{"id":14980,"date":"2024-06-04T20:25:08","date_gmt":"2024-06-04T20:25:08","guid":{"rendered":"https:\/\/tiendapl.com.ec\/?post_type=product&#038;p=14980"},"modified":"2024-06-04T20:25:09","modified_gmt":"2024-06-04T20:25:09","slug":"audifonos-inalambricos-p9","status":"publish","type":"product","link":"https:\/\/tiendapl.com.ec\/index.php\/product\/audifonos-inalambricos-p9\/","title":{"rendered":"Aud\u00edfonos inal\u00e1mbricos P9"},"content":{"rendered":"","protected":false},"excerpt":{"rendered":"<p>C\u00f3digo: YGY0832. Versi\u00f3n de Bluetooth: Bluetooth V5.0. Alcance Bluetooth: 10 metros sin barreras. Frecuencia de Respuesta: 20Hz-20KHZ. Autonom\u00eda. Bater\u00eda: 3-4 horas (Volumen Medio). Funciones: Bluetooth, cancelaci\u00f3n de ruido, Micr\u00f3fono.<\/p>\n","protected":false},"featured_media":14981,"template":"","meta":[],"product_cat":[66],"product_tag":[310,311],"_links":{"self":[{"href":"https:\/\/tiendapl.com.ec\/index.php\/wp-json\/wp\/v2\/product\/14980"}],"collection":[{"href":"https:\/\/tiendapl.com.ec\/index.php\/wp-json\/wp\/v2\/product"}],"about":[{"href":"https:\/\/tiendapl.com.ec\/index.php\/wp-json\/wp\/v2\/types\/product"}],"version-history":[{"count":1,"href":"https:\/\/tiendapl.com.ec\/index.php\/wp-json\/wp\/v2\/product\/14980\/revisions"}],"predecessor-version":[{"id":14982,"href":"https:\/\/tiendapl.com.ec\/index.php\/wp-json\/wp\/v2\/product\/14980\/revisions\/14982"}],"wp:featuredmedia":[{"embeddable":true,"href":"https:\/\/tiendapl.com.ec\/index.php\/wp-json\/wp\/v2\/media\/14981"}],"wp:attachment":[{"href":"https:\/\/tiendapl.com.ec\/index.php\/wp-json\/wp\/v2\/media?parent=14980"}],"wp:term":[{"taxonomy":"product_cat","embeddable":true,"href":"https:\/\/tiendapl.com.ec\/index.php\/wp-json\/wp\/v2\/product_cat?post=14980"},{"taxonomy":"product_tag","embeddable":true,"href":"https:\/\/tiendapl.com.ec\/index.php\/wp-json\/wp\/v2\/product_tag?post=14980"}],"curies":[{"name":"wp","href":"https:\/\/api.w.org\/{rel}","templated":true}]}}