{"id":15011,"date":"2024-06-04T23:27:36","date_gmt":"2024-06-04T23:27:36","guid":{"rendered":"https:\/\/tiendapl.com.ec\/?post_type=product&#038;p=15011"},"modified":"2024-06-04T23:27:36","modified_gmt":"2024-06-04T23:27:36","slug":"aspiradora-electrolux-pte10","status":"publish","type":"product","link":"https:\/\/tiendapl.com.ec\/index.php\/product\/aspiradora-electrolux-pte10\/","title":{"rendered":"Aspiradora Electrolux PTE10"},"content":{"rendered":"","protected":false},"excerpt":{"rendered":"<p>C\u00f3digo: PTE10. Limpia desde el techo hasta el piso con la aspiradora vertical Cyclone Power PTE10. Con su potente motor de 1300W, cuenta con la mayor potencia para aspirar de manera eficiente, tanto en ambientes m\u00e1s peque\u00f1os y compactos, como en ambientes m\u00e1s grandes que requieren un mantenimiento constante.<\/p>\n","protected":false},"featured_media":15012,"template":"","meta":[],"product_cat":[68],"product_tag":[],"_links":{"self":[{"href":"https:\/\/tiendapl.com.ec\/index.php\/wp-json\/wp\/v2\/product\/15011"}],"collection":[{"href":"https:\/\/tiendapl.com.ec\/index.php\/wp-json\/wp\/v2\/product"}],"about":[{"href":"https:\/\/tiendapl.com.ec\/index.php\/wp-json\/wp\/v2\/types\/product"}],"version-history":[{"count":1,"href":"https:\/\/tiendapl.com.ec\/index.php\/wp-json\/wp\/v2\/product\/15011\/revisions"}],"predecessor-version":[{"id":15014,"href":"https:\/\/tiendapl.com.ec\/index.php\/wp-json\/wp\/v2\/product\/15011\/revisions\/15014"}],"wp:featuredmedia":[{"embeddable":true,"href":"https:\/\/tiendapl.com.ec\/index.php\/wp-json\/wp\/v2\/media\/15012"}],"wp:attachment":[{"href":"https:\/\/tiendapl.com.ec\/index.php\/wp-json\/wp\/v2\/media?parent=15011"}],"wp:term":[{"taxonomy":"product_cat","embeddable":true,"href":"https:\/\/tiendapl.com.ec\/index.php\/wp-json\/wp\/v2\/product_cat?post=15011"},{"taxonomy":"product_tag","embeddable":true,"href":"https:\/\/tiendapl.com.ec\/index.php\/wp-json\/wp\/v2\/product_tag?post=15011"}],"curies":[{"name":"wp","href":"https:\/\/api.w.org\/{rel}","templated":true}]}}