{"id":15052,"date":"2024-06-05T17:22:51","date_gmt":"2024-06-05T17:22:51","guid":{"rendered":"https:\/\/tiendapl.com.ec\/?post_type=product&#038;p=15052"},"modified":"2024-06-05T17:22:51","modified_gmt":"2024-06-05T17:22:51","slug":"cocina-encimera-rca-5q-90gp007","status":"publish","type":"product","link":"https:\/\/tiendapl.com.ec\/index.php\/product\/cocina-encimera-rca-5q-90gp007\/","title":{"rendered":"Cocina Encimera RCA 5Q 90GP007"},"content":{"rendered":"","protected":false},"excerpt":{"rendered":"<p>C\u00f3digo: 5RCOM0I. La encimera RCA GAS 90G-060 5Q VITROCERAMICA CORTA GAS es un electrodom\u00e9stico de cocina que funciona con gas y cuenta con 5 quemadores de vitrocer\u00e1mica. Es una encimera de tama\u00f1o compacto que se adapta bien a cocinas peque\u00f1as y su dise\u00f1o de vitrocer\u00e1mica facilita la limpieza.<\/p>\n","protected":false},"featured_media":15053,"template":"","meta":[],"product_cat":[65,72],"product_tag":[],"_links":{"self":[{"href":"https:\/\/tiendapl.com.ec\/index.php\/wp-json\/wp\/v2\/product\/15052"}],"collection":[{"href":"https:\/\/tiendapl.com.ec\/index.php\/wp-json\/wp\/v2\/product"}],"about":[{"href":"https:\/\/tiendapl.com.ec\/index.php\/wp-json\/wp\/v2\/types\/product"}],"version-history":[{"count":1,"href":"https:\/\/tiendapl.com.ec\/index.php\/wp-json\/wp\/v2\/product\/15052\/revisions"}],"predecessor-version":[{"id":15054,"href":"https:\/\/tiendapl.com.ec\/index.php\/wp-json\/wp\/v2\/product\/15052\/revisions\/15054"}],"wp:featuredmedia":[{"embeddable":true,"href":"https:\/\/tiendapl.com.ec\/index.php\/wp-json\/wp\/v2\/media\/15053"}],"wp:attachment":[{"href":"https:\/\/tiendapl.com.ec\/index.php\/wp-json\/wp\/v2\/media?parent=15052"}],"wp:term":[{"taxonomy":"product_cat","embeddable":true,"href":"https:\/\/tiendapl.com.ec\/index.php\/wp-json\/wp\/v2\/product_cat?post=15052"},{"taxonomy":"product_tag","embeddable":true,"href":"https:\/\/tiendapl.com.ec\/index.php\/wp-json\/wp\/v2\/product_tag?post=15052"}],"curies":[{"name":"wp","href":"https:\/\/api.w.org\/{rel}","templated":true}]}}