{"id":15118,"date":"2024-06-20T15:06:56","date_gmt":"2024-06-20T15:06:56","guid":{"rendered":"https:\/\/tiendapl.com.ec\/?post_type=product&#038;p=15118"},"modified":"2024-06-20T15:06:56","modified_gmt":"2024-06-20T15:06:56","slug":"pizarra-de-escritura-8-5","status":"publish","type":"product","link":"https:\/\/tiendapl.com.ec\/index.php\/product\/pizarra-de-escritura-8-5\/","title":{"rendered":"Pizarra de escritura 8.5&#8243;"},"content":{"rendered":"","protected":false},"excerpt":{"rendered":"<p>C\u00f3digo: TY-8177 . Pantalla de 8.5&#8243; la tableta de escritura LCD es un juguete para que los ni\u00f1os jueguen, dibujen y realicen actividades de aprendizaje preescolar para mejorar la atenci\u00f3n de los ni\u00f1os y cultivar pasatiempos de pintura.<\/p>\n","protected":false},"featured_media":15119,"template":"","meta":[],"product_cat":[67],"product_tag":[],"_links":{"self":[{"href":"https:\/\/tiendapl.com.ec\/index.php\/wp-json\/wp\/v2\/product\/15118"}],"collection":[{"href":"https:\/\/tiendapl.com.ec\/index.php\/wp-json\/wp\/v2\/product"}],"about":[{"href":"https:\/\/tiendapl.com.ec\/index.php\/wp-json\/wp\/v2\/types\/product"}],"version-history":[{"count":1,"href":"https:\/\/tiendapl.com.ec\/index.php\/wp-json\/wp\/v2\/product\/15118\/revisions"}],"predecessor-version":[{"id":15120,"href":"https:\/\/tiendapl.com.ec\/index.php\/wp-json\/wp\/v2\/product\/15118\/revisions\/15120"}],"wp:featuredmedia":[{"embeddable":true,"href":"https:\/\/tiendapl.com.ec\/index.php\/wp-json\/wp\/v2\/media\/15119"}],"wp:attachment":[{"href":"https:\/\/tiendapl.com.ec\/index.php\/wp-json\/wp\/v2\/media?parent=15118"}],"wp:term":[{"taxonomy":"product_cat","embeddable":true,"href":"https:\/\/tiendapl.com.ec\/index.php\/wp-json\/wp\/v2\/product_cat?post=15118"},{"taxonomy":"product_tag","embeddable":true,"href":"https:\/\/tiendapl.com.ec\/index.php\/wp-json\/wp\/v2\/product_tag?post=15118"}],"curies":[{"name":"wp","href":"https:\/\/api.w.org\/{rel}","templated":true}]}}