{"id":15121,"date":"2024-06-20T15:25:47","date_gmt":"2024-06-20T15:25:47","guid":{"rendered":"https:\/\/tiendapl.com.ec\/?post_type=product&#038;p=15121"},"modified":"2026-04-04T16:22:33","modified_gmt":"2026-04-04T16:22:33","slug":"wafflera-sokany-3-en-1","status":"publish","type":"product","link":"https:\/\/tiendapl.com.ec\/index.php\/product\/wafflera-sokany-3-en-1\/","title":{"rendered":"Wafflera Sokany 3 en 1"},"content":{"rendered":"","protected":false},"excerpt":{"rendered":"<p>C\u00f3digo: PL-811. La Sokany 3 en 1 no es solo una m\u00e1quina de cocina, es una puerta de entrada a la innovaci\u00f3n culinaria.\u00a0Su presencia elegante y compacta en tu cocina no solo atraer\u00e1 miradas, sino que despertar\u00e1 la curiosidad de cualquier amante de la cocina creativa.<\/p>\n","protected":false},"featured_media":15122,"template":"","meta":[],"product_cat":[102,65],"product_tag":[391,395],"_links":{"self":[{"href":"https:\/\/tiendapl.com.ec\/index.php\/wp-json\/wp\/v2\/product\/15121"}],"collection":[{"href":"https:\/\/tiendapl.com.ec\/index.php\/wp-json\/wp\/v2\/product"}],"about":[{"href":"https:\/\/tiendapl.com.ec\/index.php\/wp-json\/wp\/v2\/types\/product"}],"version-history":[{"count":1,"href":"https:\/\/tiendapl.com.ec\/index.php\/wp-json\/wp\/v2\/product\/15121\/revisions"}],"predecessor-version":[{"id":15123,"href":"https:\/\/tiendapl.com.ec\/index.php\/wp-json\/wp\/v2\/product\/15121\/revisions\/15123"}],"wp:featuredmedia":[{"embeddable":true,"href":"https:\/\/tiendapl.com.ec\/index.php\/wp-json\/wp\/v2\/media\/15122"}],"wp:attachment":[{"href":"https:\/\/tiendapl.com.ec\/index.php\/wp-json\/wp\/v2\/media?parent=15121"}],"wp:term":[{"taxonomy":"product_cat","embeddable":true,"href":"https:\/\/tiendapl.com.ec\/index.php\/wp-json\/wp\/v2\/product_cat?post=15121"},{"taxonomy":"product_tag","embeddable":true,"href":"https:\/\/tiendapl.com.ec\/index.php\/wp-json\/wp\/v2\/product_tag?post=15121"}],"curies":[{"name":"wp","href":"https:\/\/api.w.org\/{rel}","templated":true}]}}