{"id":15129,"date":"2024-06-20T20:29:46","date_gmt":"2024-06-20T20:29:46","guid":{"rendered":"https:\/\/tiendapl.com.ec\/?post_type=product&#038;p=15129"},"modified":"2025-05-30T19:16:27","modified_gmt":"2025-05-30T19:16:27","slug":"mochila-panalera-para-mama","status":"publish","type":"product","link":"https:\/\/tiendapl.com.ec\/index.php\/product\/mochila-panalera-para-mama\/","title":{"rendered":"Mochila pa\u00f1alera para mam\u00e1"},"content":{"rendered":"","protected":false},"excerpt":{"rendered":"<p>C\u00f3digo: PL-817. Bolsa de pa\u00f1ales funcional de gran capacidad.<\/p>\n","protected":false},"featured_media":15130,"template":"","meta":[],"product_cat":[71],"product_tag":[],"_links":{"self":[{"href":"https:\/\/tiendapl.com.ec\/index.php\/wp-json\/wp\/v2\/product\/15129"}],"collection":[{"href":"https:\/\/tiendapl.com.ec\/index.php\/wp-json\/wp\/v2\/product"}],"about":[{"href":"https:\/\/tiendapl.com.ec\/index.php\/wp-json\/wp\/v2\/types\/product"}],"version-history":[{"count":2,"href":"https:\/\/tiendapl.com.ec\/index.php\/wp-json\/wp\/v2\/product\/15129\/revisions"}],"predecessor-version":[{"id":15132,"href":"https:\/\/tiendapl.com.ec\/index.php\/wp-json\/wp\/v2\/product\/15129\/revisions\/15132"}],"wp:featuredmedia":[{"embeddable":true,"href":"https:\/\/tiendapl.com.ec\/index.php\/wp-json\/wp\/v2\/media\/15130"}],"wp:attachment":[{"href":"https:\/\/tiendapl.com.ec\/index.php\/wp-json\/wp\/v2\/media?parent=15129"}],"wp:term":[{"taxonomy":"product_cat","embeddable":true,"href":"https:\/\/tiendapl.com.ec\/index.php\/wp-json\/wp\/v2\/product_cat?post=15129"},{"taxonomy":"product_tag","embeddable":true,"href":"https:\/\/tiendapl.com.ec\/index.php\/wp-json\/wp\/v2\/product_tag?post=15129"}],"curies":[{"name":"wp","href":"https:\/\/api.w.org\/{rel}","templated":true}]}}